{"id":766,"date":"2023-10-16T08:38:59","date_gmt":"2023-10-16T08:38:59","guid":{"rendered":"https:\/\/strange-sammet.82-165-59-152.plesk.page\/?page_id=766"},"modified":"2025-04-01T12:37:19","modified_gmt":"2025-04-01T12:37:19","slug":"region-share","status":"publish","type":"page","link":"https:\/\/cp-prod-wordpress.alfa.sx\/de\/alfaview-app\/alfaview-room\/primary-and-secondary-controls\/screen-and-audio-share\/region-share\/","title":{"rendered":"Bereich teilen"},"content":{"rendered":"\n<h2 class=\"wp-block-heading\" class=\"wp-block-heading\" id=\"vorbereitung\">Vorbereitung<a href=\"https:\/\/cp-prod-wordpress.alfa.sx\/de\/alfaview-app\/meeting-room\/screen-and-audio-share\/region-share\/#vorbereitung\"><\/a><a href=\"#vorbereitung\" class=\"av-heading-anchor\"><i class=\"bi bi-link\"><\/i><\/a><\/h2>\n\n\n\n<p>Mit der Funktion <strong>Bereich teilen<\/strong> k\u00f6nnen Sie einen Bereich Ihres Bildschirmes ausw\u00e4hlen, welche f\u00fcr andere Teilnehmer:innen \u00fcbertragen wird.<\/p>\n\n\n<div class=\"wp-block-image\">\n<figure class=\"alignright size-large is-resized\"><a href=\"https:\/\/cp-prod-wordpress.alfa.sx\/wp-content\/uploads\/2023\/10\/screen-start-de.jpg\"><img loading=\"lazy\" decoding=\"async\" width=\"1024\" height=\"614\" src=\"https:\/\/cp-prod-wordpress.alfa.sx\/wp-content\/uploads\/2023\/10\/screen-start-de-1024x614.jpg\" alt=\"Screenshot der Funktion Bereich teilen: Blauer Rahmen, der den Bereich markiert, der \u00fcbertragen werden soll\" class=\"wp-image-755\" style=\"width:250px\" srcset=\"https:\/\/cp-prod-wordpress.alfa.sx\/wp-content\/uploads\/2023\/10\/screen-start-de-1024x614.jpg 1024w, https:\/\/cp-prod-wordpress.alfa.sx\/wp-content\/uploads\/2023\/10\/screen-start-de-300x180.jpg 300w, https:\/\/cp-prod-wordpress.alfa.sx\/wp-content\/uploads\/2023\/10\/screen-start-de-768x461.jpg 768w, https:\/\/cp-prod-wordpress.alfa.sx\/wp-content\/uploads\/2023\/10\/screen-start-de.jpg 1215w\" sizes=\"auto, (max-width: 1024px) 100vw, 1024px\" \/><\/a><figcaption class=\"wp-element-caption\">Der Auswahlrahmen der Bildschirm\u00fcbertragung<\/figcaption><\/figure>\n<\/div>\n\n\n<ul class=\"wp-block-list\">\n<li>Klicken Sie auf die Schalfl\u00e4che <img loading=\"lazy\" decoding=\"async\" width=\"20\" height=\"20\" class=\"wp-image-2068\" style=\"width: 20px;\" src=\"https:\/\/cp-prod-wordpress.alfa.sx\/wp-content\/uploads\/2023\/12\/icon-screen-share-inactive.png\" alt=\"Bildschirm teilen inaktiv Symbol\"> <strong>Bildschirm teilen<\/strong> im Hauptmen\u00fc.<\/li>\n\n\n\n<li>Klicken Sie im Auswahlmen\u00fc auf die Schaltfl\u00e4che <button class=\"av-button av-button--default\">Bildschirmbereich<\/button>.<\/li>\n\n\n\n<li>Es \u00f6ffnet sich ein blauer Auswahlrahmen.<\/li>\n\n\n\n<li>Bewegen Sie den Rahmen an die Position Ihres Bildschirms, die Sie \u00fcbertragen m\u00f6chten.<\/li>\n\n\n\n<li>Ver\u00e4ndern Sie die Rahmengr\u00f6\u00dfe, indem Sie die Seiten und Ecken des Rahmens ziehen.<\/li>\n\n\n\n<li>Wenn Sie den Vorgang abbrechen m\u00f6chten, schlie\u00dfen Sie den Auswahlrahmen. Klicken Sie dazu auf das Symbol <img loading=\"lazy\" decoding=\"async\" width=\"20\" height=\"20\" class=\"wp-image-2076\" style=\"width: 20px;\" src=\"https:\/\/cp-prod-wordpress.alfa.sx\/wp-content\/uploads\/2023\/12\/icon-screen-share-action-close.png\" alt=\"Fenster schlie\u00dfen Symbol\"> <strong>Fenster schlie\u00dfen<\/strong> in der rechten oberen Ecke.<\/li>\n<\/ul>\n\n\n\n<h2 class=\"wp-block-heading\" class=\"wp-block-heading\" id=\"starten-beenden\">Starten &amp; Beenden<a href=\"https:\/\/cp-prod-wordpress.alfa.sx\/de\/alfaview-app\/meeting-room\/screen-and-audio-share\/region-share\/#starten--beenden\"><\/a><a href=\"#starten-beenden\" class=\"av-heading-anchor\"><i class=\"bi bi-link\"><\/i><\/a><\/h2>\n\n\n<div class=\"wp-block-image\">\n<figure class=\"alignright size-large is-resized\"><a href=\"https:\/\/cp-prod-wordpress.alfa.sx\/wp-content\/uploads\/2023\/10\/screen-live-de.jpg\"><img loading=\"lazy\" decoding=\"async\" width=\"1024\" height=\"614\" src=\"https:\/\/cp-prod-wordpress.alfa.sx\/wp-content\/uploads\/2023\/10\/screen-live-de-1024x614.jpg\" alt=\"Screenshot der laufenden Funktion Bereich teilen: Roter Rahmen, der um den Bereich angezeigt wird, der gerade \u00dcbertragen wird\" class=\"wp-image-759\" style=\"width:250px\" srcset=\"https:\/\/cp-prod-wordpress.alfa.sx\/wp-content\/uploads\/2023\/10\/screen-live-de-1024x614.jpg 1024w, https:\/\/cp-prod-wordpress.alfa.sx\/wp-content\/uploads\/2023\/10\/screen-live-de-300x180.jpg 300w, https:\/\/cp-prod-wordpress.alfa.sx\/wp-content\/uploads\/2023\/10\/screen-live-de-768x460.jpg 768w, https:\/\/cp-prod-wordpress.alfa.sx\/wp-content\/uploads\/2023\/10\/screen-live-de.jpg 1215w\" sizes=\"auto, (max-width: 1024px) 100vw, 1024px\" \/><\/a><figcaption class=\"wp-element-caption\">Der Auswahlrahmen w\u00e4hrend der Bildschirm\u00fcbertragung<\/figcaption><\/figure>\n<\/div>\n\n\n<ul class=\"wp-block-list\">\n<li>Starten Sie die Bildschirm\u00fcbertragung mit einem Klick auf die Schaltfl\u00e4che <button class=\"av-button av-button--primary\">Bereich teilen<\/button> in der Mitte des Auswahlrahmens.<\/li>\n\n\n\n<li>Sobald der Auswahlrahmen rot dargestellt wird, ist die Bildschirm\u00fcbertragung f\u00fcr alle im alfaview-Raum sichtbar.<\/li>\n\n\n\n<li>Zum Beenden der \u00dcbertragung klicken Sie auf das Symbol <img loading=\"lazy\" decoding=\"async\" width=\"20\" height=\"20\" class=\"wp-image-2080\" style=\"width: 20px;\" src=\"https:\/\/cp-prod-wordpress.alfa.sx\/wp-content\/uploads\/2023\/12\/icon-screen-share-action-stop.png\" alt=\"\"> <strong>Stop <\/strong>im Auswahlrahmen. Der Auswahlrahmen bleibt ge\u00f6ffnet und Sie k\u00f6nnen einen anderen Bereich ausw\u00e4hlen.<\/li>\n\n\n\n<li>Alternativ k\u00f6nnen Sie die Bildschirm\u00fcbertragung \u00fcber die Schaltfl\u00e4che <img loading=\"lazy\" decoding=\"async\" width=\"20\" height=\"20\" class=\"wp-image-2078\" style=\"width: 20px;\" src=\"https:\/\/cp-prod-wordpress.alfa.sx\/wp-content\/uploads\/2023\/12\/icon-screen-share-active.png\" alt=\"Bildschirm teilen aktiv Symbol\"> <strong>Bildschirm teilen<\/strong> im Hauptmen\u00fc beenden. Klicken Sie dort auf die Schaltfl\u00e4che <button class=\"av-button av-button--error\">Stopp<\/button>.<\/li>\n<\/ul>\n\n\n\n<div class=\"wp-block-alfaview-callout\">\n<p>Sie k\u00f6nnen die Gr\u00f6\u00dfe und die Position des Auswahlrahmens \u00e4ndern, ohne die \u00dcbertragung zu beenden.<\/p>\n<\/div>\n\n\n\n<h3 class=\"wp-block-heading\" class=\"wp-block-heading\" id=\"pausieren-fortsetzen\">Pausieren &amp; Fortsetzen<a href=\"https:\/\/cp-prod-wordpress.alfa.sx\/de\/alfaview-app\/meeting-room\/screen-and-audio-share\/region-share\/#pausieren--fortsetzen\"><\/a><a href=\"#pausieren-fortsetzen\" class=\"av-heading-anchor\"><i class=\"bi bi-link\"><\/i><\/a><\/h3>\n\n\n<div class=\"wp-block-image\">\n<figure class=\"alignright size-large is-resized\"><a href=\"https:\/\/cp-prod-wordpress.alfa.sx\/wp-content\/uploads\/2023\/10\/screen-pause-de.jpg\"><img loading=\"lazy\" decoding=\"async\" width=\"1024\" height=\"612\" src=\"https:\/\/cp-prod-wordpress.alfa.sx\/wp-content\/uploads\/2023\/10\/screen-pause-de-1024x612.jpg\" alt=\"Screenshot der pausierten Funktion Bereich teilen: Gelber Rahmen, der um den Bereich angezeigt wird, der gerade \u00fcbertragen und pausiert wird\" class=\"wp-image-757\" style=\"width:250px\" srcset=\"https:\/\/cp-prod-wordpress.alfa.sx\/wp-content\/uploads\/2023\/10\/screen-pause-de-1024x612.jpg 1024w, https:\/\/cp-prod-wordpress.alfa.sx\/wp-content\/uploads\/2023\/10\/screen-pause-de-300x179.jpg 300w, https:\/\/cp-prod-wordpress.alfa.sx\/wp-content\/uploads\/2023\/10\/screen-pause-de-768x459.jpg 768w, https:\/\/cp-prod-wordpress.alfa.sx\/wp-content\/uploads\/2023\/10\/screen-pause-de.jpg 1217w\" sizes=\"auto, (max-width: 1024px) 100vw, 1024px\" \/><\/a><figcaption class=\"wp-element-caption\">Der Auswahlrahmen der pausierten Bildschirm\u00fcbertragung<\/figcaption><\/figure>\n<\/div>\n\n\n<ul class=\"wp-block-list\">\n<li>Um die Bildschirm\u00fcbertragung zu pausieren, klicken Sie auf das Symbol <img loading=\"lazy\" decoding=\"async\" width=\"20\" height=\"20\" class=\"wp-image-2082\" style=\"width: 20px;\" src=\"https:\/\/cp-prod-wordpress.alfa.sx\/wp-content\/uploads\/2023\/12\/icon-screen-share-action-pause.png\" alt=\"Pause starten Symbol\"> <strong>Pause <\/strong>im Auswahlrahmen.<\/li>\n\n\n\n<li>Sobald die Bildschirm\u00fcbertragung pausiert ist, sehen die Teilnehmer:innen ein Standbild des \u00fcbertragenen Bereiches. Der Auswahlrahmen wird blau dargestellt.<\/li>\n\n\n\n<li>Um die Bildschirm\u00fcbertragung fortzusetzen, klicken Sie auf das Symbol <img loading=\"lazy\" decoding=\"async\" width=\"20\" height=\"20\" class=\"wp-image-2084\" style=\"width: 20px;\" src=\"https:\/\/cp-prod-wordpress.alfa.sx\/wp-content\/uploads\/2023\/12\/icon-screen-share-action-resume.png\" alt=\"Pause beenden Symbol\"> Fortsetzen im Auswahlrahmen.<\/li>\n<\/ul>\n\n\n\n<h3 class=\"wp-block-heading\" class=\"wp-block-heading\" id=\"markieren\">Markieren<a href=\"https:\/\/cp-prod-wordpress.alfa.sx\/de\/alfaview-app\/meeting-room\/screen-and-audio-share\/region-share\/#markieren\"><\/a><a href=\"#markieren\" class=\"av-heading-anchor\"><i class=\"bi bi-link\"><\/i><\/a><\/h3>\n\n\n<div class=\"wp-block-image\">\n<figure class=\"alignright size-large is-resized\"><a href=\"https:\/\/cp-prod-wordpress.alfa.sx\/wp-content\/uploads\/2023\/10\/screen-mark-de.jpg\"><img loading=\"lazy\" decoding=\"async\" width=\"1024\" height=\"613\" src=\"https:\/\/cp-prod-wordpress.alfa.sx\/wp-content\/uploads\/2023\/10\/screen-mark-de-1024x613.jpg\" alt=\"Screenshot der Funktion Bereich teilen mit Markierungen: Im \u00fcbertragenen Bereich, der durch einen roten Rahmen gekennzeichnet ist, wurden Markierungen vorgenommen\" class=\"wp-image-762\" style=\"width:250px\" srcset=\"https:\/\/cp-prod-wordpress.alfa.sx\/wp-content\/uploads\/2023\/10\/screen-mark-de-1024x613.jpg 1024w, https:\/\/cp-prod-wordpress.alfa.sx\/wp-content\/uploads\/2023\/10\/screen-mark-de-300x180.jpg 300w, https:\/\/cp-prod-wordpress.alfa.sx\/wp-content\/uploads\/2023\/10\/screen-mark-de-768x460.jpg 768w, https:\/\/cp-prod-wordpress.alfa.sx\/wp-content\/uploads\/2023\/10\/screen-mark-de.jpg 1215w\" sizes=\"auto, (max-width: 1024px) 100vw, 1024px\" \/><\/a><figcaption class=\"wp-element-caption\">Die Markierungs-Funktion der Bildschirm\u00fcbertragung<\/figcaption><\/figure>\n<\/div>\n\n\n<ul class=\"wp-block-list\">\n<li>Um die Markierungsfunktion zu nutzen, klicken Sie auf das Symbol <img loading=\"lazy\" decoding=\"async\" width=\"20\" height=\"20\" class=\"wp-image-2086\" style=\"width: 20px;\" src=\"https:\/\/cp-prod-wordpress.alfa.sx\/wp-content\/uploads\/2023\/12\/icon-screen-share-action-annotate.png\" alt=\"markierungen Symbol\"> <strong>Markieren <\/strong>im Auswahlrahmen.<\/li>\n\n\n\n<li>halten Sie die Maustaste gedr\u00fcckt, um einen Bereich innerhalb des Auswahlrahmens zu markieren. Lassen Sie die Maustaste los, um das Markieren wieder zu beenden.<\/li>\n\n\n\n<li>Es stehen Ihnen die Farben Rot, Gr\u00fcn und Blau zur Verf\u00fcgung, die in der Titelleiste des Auswahlrahmens ausgew\u00e4hlt werden k\u00f6nnen.<\/li>\n\n\n\n<li>Klicken Sie erneut auf das Symbol <img loading=\"lazy\" decoding=\"async\" width=\"20\" height=\"20\" class=\"wp-image-2086\" style=\"width: 20px;\" src=\"https:\/\/cp-prod-wordpress.alfa.sx\/wp-content\/uploads\/2023\/12\/icon-screen-share-action-annotate.png\" alt=\"\"> <strong>Markieren <\/strong>in der Titelleiste des Auswahlrahmens, um die Markierungen zu l\u00f6schen und die Funktion zu beenden.<\/li>\n\n\n\n<li>Ist die Markierungsfunktion aktiv, kann die Anwendung unter dem Auswahlrahmen nicht bedient werden.<\/li>\n<\/ul>\n\n\n\n<div class=\"wp-block-alfaview-callout\">\n<p><strong>Wichtig:<\/strong><\/p>\n\n\n\n<ul class=\"wp-block-list\">\n<li>Die Markierung ist sofort f\u00fcr alle Teilnehmer:innen sichtbar.<\/li>\n\n\n\n<li>Markieren kann nur die Person, die die \u00dcbertragung gestartet hat.<\/li>\n<\/ul>\n<\/div>\n","protected":false},"excerpt":{"rendered":"<p>Vorbereitung Mit der Funktion Bereich teilen k\u00f6nnen Sie einen Bereich Ihres Bildschirmes ausw\u00e4hlen, welche f\u00fcr andere Teilnehmer:innen \u00fcbertragen wird. Klicken Sie auf die Schalfl\u00e4che Bildschirm teilen im Hauptmen\u00fc. Klicken Sie im Auswahlmen\u00fc auf die Schaltfl\u00e4che [&hellip;]<\/p>\n","protected":false},"author":2,"featured_media":0,"parent":734,"menu_order":5,"comment_status":"closed","ping_status":"closed","template":"","meta":{"footnotes":""},"class_list":["post-766","page","type-page","status-publish","hentry"],"_links":{"self":[{"href":"https:\/\/cp-prod-wordpress.alfa.sx\/de\/wp-json\/wp\/v2\/pages\/766","targetHints":{"allow":["GET"]}}],"collection":[{"href":"https:\/\/cp-prod-wordpress.alfa.sx\/de\/wp-json\/wp\/v2\/pages"}],"about":[{"href":"https:\/\/cp-prod-wordpress.alfa.sx\/de\/wp-json\/wp\/v2\/types\/page"}],"author":[{"embeddable":true,"href":"https:\/\/cp-prod-wordpress.alfa.sx\/de\/wp-json\/wp\/v2\/users\/2"}],"replies":[{"embeddable":true,"href":"https:\/\/cp-prod-wordpress.alfa.sx\/de\/wp-json\/wp\/v2\/comments?post=766"}],"version-history":[{"count":13,"href":"https:\/\/cp-prod-wordpress.alfa.sx\/de\/wp-json\/wp\/v2\/pages\/766\/revisions"}],"predecessor-version":[{"id":767,"href":"https:\/\/cp-prod-wordpress.alfa.sx\/de\/wp-json\/wp\/v2\/pages\/766\/revisions\/767"}],"up":[{"embeddable":true,"href":"https:\/\/cp-prod-wordpress.alfa.sx\/de\/wp-json\/wp\/v2\/pages\/734"}],"wp:attachment":[{"href":"https:\/\/cp-prod-wordpress.alfa.sx\/de\/wp-json\/wp\/v2\/media?parent=766"}],"curies":[{"name":"wp","href":"https:\/\/api.w.org\/{rel}","templated":true}]}}