{"id":776,"date":"2023-10-16T09:03:22","date_gmt":"2023-10-16T09:03:22","guid":{"rendered":"https:\/\/strange-sammet.82-165-59-152.plesk.page\/?page_id=776"},"modified":"2025-06-04T07:58:17","modified_gmt":"2025-06-04T07:58:17","slug":"share-whole-screen","status":"publish","type":"page","link":"https:\/\/cp-prod-wordpress.alfa.sx\/de\/alfaview-app\/alfaview-room\/primary-and-secondary-controls\/screen-and-audio-share\/share-whole-screen\/","title":{"rendered":"Ganzen Bildschirm teilen"},"content":{"rendered":"\n<ul class=\"wp-block-list\">\n<li>Klicken Sie auf das Symbol <img loading=\"lazy\" decoding=\"async\" width=\"20\" height=\"20\" class=\"wp-image-2068\" style=\"width: 20px;\" src=\"https:\/\/cp-prod-wordpress.alfa.sx\/wp-content\/uploads\/2023\/12\/icon-screen-share-inactive.png\" alt=\"Bildschirm teilen inaktiv Symbol\"> <strong>Bildschirm teilen<\/strong> im Hauptmen\u00fc.<\/li>\n\n\n\n<li>\u00d6ffnen Sie dann die Auswahlliste mit einem Klick auf die Schaltfl\u00e4che <button class=\"av-button av-button--default\">Bildschirm<\/button>. Ihnen werden nun alle Bildschirme, die Sie teilen k\u00f6nnen, entweder im Gitter-Layout oder im Listen-Layout angezeigt.<\/li>\n<\/ul>\n\n\n\n<div class=\"wp-block-columns is-not-stacked-on-mobile is-layout-flex wp-container-core-columns-is-layout-9d6595d7 wp-block-columns-is-layout-flex\">\n<div class=\"wp-block-column is-layout-flow wp-block-column-is-layout-flow\" style=\"flex-basis:50px\">\n<button class=\"wp-block-alfaview-button av-button-main-menu av-button-grey\" disabled aria-label=\"Gitter-Layout Ganzer Bildschirm\"><i class=\"icon icon-ic_gallery_view_variant_24dp\"><\/i><\/button>\n<\/div>\n\n\n\n<div class=\"wp-block-column is-layout-flow wp-block-column-is-layout-flow\">\n<p><strong>Gitter-Layout<\/strong><br>Ihnen werden gro\u00dfe Vorschauvideos der angeschlossenen Bildschirme angezeigt.<\/p>\n<\/div>\n<\/div>\n\n\n\n<div class=\"wp-block-columns is-not-stacked-on-mobile is-layout-flex wp-container-core-columns-is-layout-9d6595d7 wp-block-columns-is-layout-flex\">\n<div class=\"wp-block-column is-layout-flow wp-block-column-is-layout-flow\" style=\"flex-basis:50px\">\n<button class=\"wp-block-alfaview-button av-button-main-menu av-button-grey\" disabled aria-label=\"Listen-Layout Ganzer Bildschirm\"><i class=\"icon icon-ic_menu_24dp\"><\/i><\/button>\n<\/div>\n\n\n\n<div class=\"wp-block-column is-layout-flow wp-block-column-is-layout-flow\">\n<p><strong>Listen-Layout<\/strong><br>Ihnen wird eine Liste mit kleinen Vorschaubildern sowie die Nummer aller angeschlossenen Bildschirme angezeigt.<\/p>\n<\/div>\n<\/div>\n\n\n\n<ul class=\"wp-block-list\">\n<li>Sie k\u00f6nnen entscheiden, ob Sie den Ton Ihres Computers mit \u00fcbertragen m\u00f6chten. Klicken Sie daf\u00fcr im Auswahlmen\u00fc in der unteren rechten Ecke auf die Schaltfl\u00e4che <button class=\"av-button av-button--default\">Computersound teilen<\/button> bzw. <button class=\"av-button av-button--default\">Sound nicht teilen<\/button>.<\/li>\n\n\n\n<li>W\u00e4hlen Sie nun den Bildschirm, den Sie \u00fcbertragen m\u00f6chten.<\/li>\n<\/ul>\n\n\n\n<div class=\"wp-block-alfaview-callout\">\n<p>Hinweis: Sobald Sie einen Bildschirm ausgew\u00e4hlt haben, wird die \u00dcbertragung sofort gestartet.<\/p>\n<\/div>\n\n\n\n<ul class=\"wp-block-list\">\n<li>Beenden Sie die \u00dcbertragung \u00fcber das Hauptmen\u00fc. Klicken Sie auf das Symbol <img loading=\"lazy\" decoding=\"async\" width=\"20\" height=\"20\" class=\"wp-image-2078\" style=\"width: 20px;\" src=\"https:\/\/cp-prod-wordpress.alfa.sx\/wp-content\/uploads\/2023\/12\/icon-screen-share-active.png\" alt=\"Bildschirm teilen aktiv Symbol\"> <strong>Bildschirm teilen<\/strong>.<\/li>\n\n\n\n<li>Klicken Sie anschlie\u00dfend im Auswahlmen\u00fc auf die rote Schaltfl\u00e4che <button class=\"av-button av-button--error\">Stopp<\/button>.<\/li>\n<\/ul>\n\n\n\n<p>Wenn Sie den Bildschirm \u00fcbertragen, auf dem Sie alfaview ge\u00f6ffnet haben, schlie\u00dft sich das alfaview-Hauptfenster automatisch und das <a href=\"https:\/\/cp-prod-wordpress.alfa.sx\/de\/alfaview-app\/alfaview-room\/mini-window\/\">Minifenster<\/a> \u00f6ffnet sich.<\/p>\n","protected":false},"excerpt":{"rendered":"<p>Klicken Sie auf das Symbol Bildschirm teilen im Hauptmen\u00fc. \u00d6ffnen Sie dann die Auswahlliste mit einem Klick auf die Schaltfl\u00e4che Bildschirm. Ihnen werden nun alle Bildschirme, die Sie teilen k\u00f6nnen, entweder im Gitter-Layout oder im [&hellip;]<\/p>\n","protected":false},"author":2,"featured_media":0,"parent":734,"menu_order":10,"comment_status":"closed","ping_status":"closed","template":"","meta":{"footnotes":""},"class_list":["post-776","page","type-page","status-publish","hentry"],"_links":{"self":[{"href":"https:\/\/cp-prod-wordpress.alfa.sx\/de\/wp-json\/wp\/v2\/pages\/776","targetHints":{"allow":["GET"]}}],"collection":[{"href":"https:\/\/cp-prod-wordpress.alfa.sx\/de\/wp-json\/wp\/v2\/pages"}],"about":[{"href":"https:\/\/cp-prod-wordpress.alfa.sx\/de\/wp-json\/wp\/v2\/types\/page"}],"author":[{"embeddable":true,"href":"https:\/\/cp-prod-wordpress.alfa.sx\/de\/wp-json\/wp\/v2\/users\/2"}],"replies":[{"embeddable":true,"href":"https:\/\/cp-prod-wordpress.alfa.sx\/de\/wp-json\/wp\/v2\/comments?post=776"}],"version-history":[{"count":17,"href":"https:\/\/cp-prod-wordpress.alfa.sx\/de\/wp-json\/wp\/v2\/pages\/776\/revisions"}],"predecessor-version":[{"id":777,"href":"https:\/\/cp-prod-wordpress.alfa.sx\/de\/wp-json\/wp\/v2\/pages\/776\/revisions\/777"}],"up":[{"embeddable":true,"href":"https:\/\/cp-prod-wordpress.alfa.sx\/de\/wp-json\/wp\/v2\/pages\/734"}],"wp:attachment":[{"href":"https:\/\/cp-prod-wordpress.alfa.sx\/de\/wp-json\/wp\/v2\/media?parent=776"}],"curies":[{"name":"wp","href":"https:\/\/api.w.org\/{rel}","templated":true}]}}