{"id":785,"date":"2023-10-16T09:07:07","date_gmt":"2023-10-16T09:07:07","guid":{"rendered":"https:\/\/strange-sammet.82-165-59-152.plesk.page\/?page_id=785"},"modified":"2025-04-01T12:43:31","modified_gmt":"2025-04-01T12:43:31","slug":"second-camera","status":"publish","type":"page","link":"https:\/\/cp-prod-wordpress.alfa.sx\/de\/alfaview-app\/alfaview-room\/primary-and-secondary-controls\/screen-and-audio-share\/second-camera\/","title":{"rendered":"Zweitkamera"},"content":{"rendered":"\n<p>Anstelle einer Bildschirm\u00fcbertragung k\u00f6nnen Sie auch das Video einer Zweitkamera mit den anderen Teilnehmenden teilen.<\/p>\n\n\n\n<ul class=\"wp-block-list\">\n<li>\u00d6ffnen Sie die Auswahlliste der Bildschirm\u00fcbertragung, indem Sie auf das Symbol <img loading=\"lazy\" decoding=\"async\" width=\"25\" height=\"25\" class=\"wp-image-2068\" style=\"width: 25px;\" src=\"https:\/\/cp-prod-wordpress.alfa.sx\/wp-content\/uploads\/2023\/12\/icon-screen-share-inactive.png\" alt=\"Inhalte teilen inaktiv Symbol\"> <strong>Inhalte teilen<\/strong> im Hauptmen\u00fc klicken.<\/li>\n\n\n\n<li>Klicken Sie auf die Schaltfl\u00e4che <button class=\"av-button av-button--default\">Zweitkamera<\/button>. Ihnen werden nun alle Kameras entweder im Gitter-Layout oder im Listen-Layout angezeigt.<\/li>\n<\/ul>\n\n\n\n<div class=\"wp-block-columns is-not-stacked-on-mobile is-layout-flex wp-container-core-columns-is-layout-9d6595d7 wp-block-columns-is-layout-flex\">\n<div class=\"wp-block-column is-layout-flow wp-block-column-is-layout-flow\" style=\"flex-basis:50px\">\n<button class=\"wp-block-alfaview-button av-button-main-menu av-button-grey\" disabled aria-label=\"Gitter-Layout Zweitkamera\"><i class=\"icon icon-ic_gallery_view_variant_24dp\"><\/i><\/button>\n<\/div>\n\n\n\n<div class=\"wp-block-column is-layout-flow wp-block-column-is-layout-flow\">\n<p><strong>Gitter-Layout<\/strong><br>Ihnen werden gro\u00dfe Vorschauvideos von allen angeschlossenen Kameras angezeigt.<\/p>\n<\/div>\n<\/div>\n\n\n\n<div class=\"wp-block-columns is-not-stacked-on-mobile is-layout-flex wp-container-core-columns-is-layout-9d6595d7 wp-block-columns-is-layout-flex\">\n<div class=\"wp-block-column is-layout-flow wp-block-column-is-layout-flow\" style=\"flex-basis:50px\">\n<button class=\"wp-block-alfaview-button av-button-main-menu av-button-grey\" disabled aria-label=\"Listen-Layout Zweitkamera\"><i class=\"icon icon-ic_menu_24dp\"><\/i><\/button>\n<\/div>\n\n\n\n<div class=\"wp-block-column is-layout-flow wp-block-column-is-layout-flow\">\n<p><strong>Listen-Layout<\/strong><br>Ihnen wird eine Liste mit kleinen Vorschaubild sowie den Namen aller angeschlossenen Kameras angezeigt. <\/p>\n<\/div>\n<\/div>\n\n\n\n<ul class=\"wp-block-list\">\n<li>W\u00e4hlen Sie unten rechts mit einem Klick auf die Schaltfl\u00e4che <button class=\"av-button av-button--default\">Computersound teilen<\/button> oder <button class=\"av-button av-button--default\">Sound nicht teilen<\/button>, ob Sie den Ton \u00fcbertragen m\u00f6chten.<\/li>\n\n\n\n<li>Starten Sie die \u00dcbertragung des Videos, indem Sie auf das Vorschauvideo (Gitter-Layout) oder auf die blaue Schaltfl\u00e4che <button class=\"av-button av-button--primary\"> Teilen<\/button> (Listen-Layout) klicken.<\/li>\n<\/ul>\n\n\n\n<div class=\"wp-block-alfaview-callout\">\n<p>Sobald Sie auf ein Vorschaubild klicken, wird die \u00dcbertragung gestartet. Das Bildschirmsymbol <img loading=\"lazy\" decoding=\"async\" width=\"25\" height=\"25\" class=\"wp-image-2078\" style=\"width: 25px;\" src=\"https:\/\/cp-prod-wordpress.alfa.sx\/wp-content\/uploads\/2023\/12\/icon-screen-share-active.png\" alt=\"\"> im Hauptmen\u00fc wird dann blau angezeigt.<\/p>\n<\/div>\n\n\n\n<ul class=\"wp-block-list\">\n<li>Um die \u00dcbertragung zu beenden, \u00f6ffnen Sie die Auswahlliste der Bildschirm\u00fcbertragung durch Klicken auf das Bildschirmsymbol <img loading=\"lazy\" decoding=\"async\" width=\"25\" height=\"25\" class=\"wp-image-2078\" style=\"width: 25px;\" src=\"https:\/\/cp-prod-wordpress.alfa.sx\/wp-content\/uploads\/2023\/12\/icon-screen-share-active.png\" alt=\"Inhalte teilen aktiv Symbol\">. Klicken Sie auf die rote Schaltfl\u00e4che <button class=\"av-button av-button--error\">Stopp<\/button>.<\/li>\n<\/ul>\n","protected":false},"excerpt":{"rendered":"<p>Anstelle einer Bildschirm\u00fcbertragung k\u00f6nnen Sie auch das Video einer Zweitkamera mit den anderen Teilnehmenden teilen. \u00d6ffnen Sie die Auswahlliste der Bildschirm\u00fcbertragung, indem Sie auf das Symbol Inhalte teilen im Hauptmen\u00fc klicken. Klicken Sie auf die [&hellip;]<\/p>\n","protected":false},"author":2,"featured_media":0,"parent":734,"menu_order":15,"comment_status":"closed","ping_status":"closed","template":"","meta":{"footnotes":""},"class_list":["post-785","page","type-page","status-publish","hentry"],"_links":{"self":[{"href":"https:\/\/cp-prod-wordpress.alfa.sx\/de\/wp-json\/wp\/v2\/pages\/785","targetHints":{"allow":["GET"]}}],"collection":[{"href":"https:\/\/cp-prod-wordpress.alfa.sx\/de\/wp-json\/wp\/v2\/pages"}],"about":[{"href":"https:\/\/cp-prod-wordpress.alfa.sx\/de\/wp-json\/wp\/v2\/types\/page"}],"author":[{"embeddable":true,"href":"https:\/\/cp-prod-wordpress.alfa.sx\/de\/wp-json\/wp\/v2\/users\/2"}],"replies":[{"embeddable":true,"href":"https:\/\/cp-prod-wordpress.alfa.sx\/de\/wp-json\/wp\/v2\/comments?post=785"}],"version-history":[{"count":16,"href":"https:\/\/cp-prod-wordpress.alfa.sx\/de\/wp-json\/wp\/v2\/pages\/785\/revisions"}],"predecessor-version":[{"id":786,"href":"https:\/\/cp-prod-wordpress.alfa.sx\/de\/wp-json\/wp\/v2\/pages\/785\/revisions\/786"}],"up":[{"embeddable":true,"href":"https:\/\/cp-prod-wordpress.alfa.sx\/de\/wp-json\/wp\/v2\/pages\/734"}],"wp:attachment":[{"href":"https:\/\/cp-prod-wordpress.alfa.sx\/de\/wp-json\/wp\/v2\/media?parent=785"}],"curies":[{"name":"wp","href":"https:\/\/api.w.org\/{rel}","templated":true}]}}