{"id":809,"date":"2023-10-18T06:39:21","date_gmt":"2023-10-18T06:39:21","guid":{"rendered":"https:\/\/strange-sammet.82-165-59-152.plesk.page\/?page_id=809"},"modified":"2025-04-03T09:09:48","modified_gmt":"2025-04-03T09:09:48","slug":"toolbox","status":"publish","type":"page","link":"https:\/\/cp-prod-wordpress.alfa.sx\/de\/alfaview-app\/alfaview-room\/primary-and-secondary-controls\/toolbox\/","title":{"rendered":"Toolbox"},"content":{"rendered":"<div class=\"wp-block-image\">\n<figure class=\"alignright size-full is-resized\"><a href=\"https:\/\/cp-prod-wordpress.alfa.sx\/wp-content\/uploads\/2023\/10\/toolbox-sidebar-de.png\"><img loading=\"lazy\" decoding=\"async\" width=\"384\" height=\"658\" src=\"https:\/\/cp-prod-wordpress.alfa.sx\/wp-content\/uploads\/2023\/10\/toolbox-sidebar-de.png\" alt=\"Screenshot des Reiters Toolbox im Funktionsmen\u00fc von alfaview\" class=\"wp-image-801\" style=\"width:250px\" srcset=\"https:\/\/cp-prod-wordpress.alfa.sx\/wp-content\/uploads\/2023\/10\/toolbox-sidebar-de.png 384w, https:\/\/cp-prod-wordpress.alfa.sx\/wp-content\/uploads\/2023\/10\/toolbox-sidebar-de-175x300.png 175w\" sizes=\"auto, (max-width: 384px) 100vw, 384px\" \/><\/a><figcaption class=\"wp-element-caption\">Toolbox<\/figcaption><\/figure>\n<\/div>\n\n\n<div class=\"wp-block-columns is-not-stacked-on-mobile is-layout-flex wp-container-core-columns-is-layout-9d6595d7 wp-block-columns-is-layout-flex\">\n<div class=\"wp-block-column is-layout-flow wp-block-column-is-layout-flow\" style=\"flex-basis:50px\">\n<button class=\"wp-block-alfaview-button av-button-main-menu av-button-grey\" disabled aria-label=\"Toolbox\"><i class=\"icon icon-ic_toolbox_24dp\"><\/i><\/button>\n<\/div>\n\n\n\n<div class=\"wp-block-column is-layout-flow wp-block-column-is-layout-flow\">\n<p>In der Toolbox stehen Ihnen Umfragen und Abstimmungen sowie eine Sterne-Bewertung und ein Whiteboard zur Verf\u00fcgung, um das kollaborative Arbeiten in alfaview zu vereinfachen. Au\u00dferdem k\u00f6nnen Sie externe Tools verlinken.<\/p>\n<\/div>\n<\/div>\n\n\n\n<h2 class=\"wp-block-heading\" class=\"wp-block-heading\" id=\"externes-tool\">Externes Tool<a href=\"#externes-tool\" class=\"av-heading-anchor\"><i class=\"bi bi-link\"><\/i><\/a><\/h2>\n\n\n\n<div class=\"wp-block-columns is-layout-flex wp-container-core-columns-is-layout-9d6595d7 wp-block-columns-is-layout-flex\">\n<div class=\"wp-block-column is-layout-flow wp-block-column-is-layout-flow\" style=\"flex-basis:50px\">\n<button class=\"wp-block-alfaview-button av-button-main-menu av-button-grey\" disabled aria-label=\"Externes Tool\"><i class=\"icon icon-ic_link_variant_24dp\"><\/i><\/button>\n<\/div>\n\n\n\n<div class=\"wp-block-column is-layout-flow wp-block-column-is-layout-flow\">\n<p>Wenn Sie ein externes Tool \u00f6ffnen, werden Sie auf die verlinkte Webseite weitergeleitet.<br>Weitere Informationen zu diesem Tool finden Sie auf der Seite <a href=\"\/de\/alfaview-app\/alfaview-room\/toolbox\/external-tool\/\">Externes Tool<\/a>.<\/p>\n<\/div>\n<\/div>\n\n\n\n<h2 class=\"wp-block-heading\" class=\"wp-block-heading\" id=\"whiteboard\">Whiteboard<a href=\"#whiteboard\" class=\"av-heading-anchor\"><i class=\"bi bi-link\"><\/i><\/a><\/h2>\n\n\n\n<div class=\"wp-block-columns is-layout-flex wp-container-core-columns-is-layout-9d6595d7 wp-block-columns-is-layout-flex\">\n<div class=\"wp-block-column is-layout-flow wp-block-column-is-layout-flow\" style=\"flex-basis:50px\">\n<button class=\"wp-block-alfaview-button av-button-main-menu av-button-grey\" disabled aria-label=\"Whiteboard\"><i class=\"icon icon-ic_whiteboard_24dp\"><\/i><\/button>\n<\/div>\n\n\n\n<div class=\"wp-block-column is-layout-flow wp-block-column-is-layout-flow\">\n<p>Arbeiten Sie gemeinsam mit anderen Teilnehmenden auf dem Whiteboard. Sie k\u00f6nnen das Ergebnis herunterladen.<br>Weitere Informationen zu diesem Tool finden Sie auf der Seite <a href=\"\/de\/alfaview-app\/alfaview-room\/toolbox\/whiteboard\/\">Whiteboard<\/a>.<\/p>\n<\/div>\n<\/div>\n\n\n\n<h2 class=\"wp-block-heading\" class=\"wp-block-heading\" id=\"abstimmung-umfrage\">Abstimmung \/ Umfrage<a href=\"#abstimmung-umfrage\" class=\"av-heading-anchor\"><i class=\"bi bi-link\"><\/i><\/a><\/h2>\n\n\n\n<div class=\"wp-block-columns is-layout-flex wp-container-core-columns-is-layout-9d6595d7 wp-block-columns-is-layout-flex\">\n<div class=\"wp-block-column is-layout-flow wp-block-column-is-layout-flow\" style=\"flex-basis:50px\">\n<button class=\"wp-block-alfaview-button av-button-main-menu av-button-grey\" disabled aria-label=\"Abstimmung \/ Umfrage\"><i class=\"icon icon-ic_link_variant_24dp\"><\/i><\/button>\n<\/div>\n\n\n\n<div class=\"wp-block-column is-layout-flow wp-block-column-is-layout-flow\">\n<p>Bei einer Abstimmung oder Umfrage k\u00f6nnen Sie, je nach Einstellungen, f\u00fcr eine oder mehrere Antwortm\u00f6glichkeiten eine Stimme abgeben. Bei der Sterne-Bewertung k\u00f6nnen Sie zwischen einem und f\u00fcnf Sternen abgeben.<br>Weitere Informationen zu diesem Tool finden Sie auf der Seite <a href=\"\/de\/alfaview-app\/alfaview-room\/toolbox\/poll\/\">Abstimmung \/ Umfrage<\/a>.<\/p>\n<\/div>\n<\/div>\n","protected":false},"excerpt":{"rendered":"<p>Sie m\u00f6chten gemeinsam arbeiten?<br \/>\nErleichtern Sie kollaboratives Arbeiten durch externe Links, Abstimmungen oder das Bereitstellen eines Whiteboards.<\/p>\n","protected":false},"author":2,"featured_media":0,"parent":715,"menu_order":20,"comment_status":"closed","ping_status":"closed","template":"","meta":{"footnotes":""},"class_list":["post-809","page","type-page","status-publish","hentry"],"_links":{"self":[{"href":"https:\/\/cp-prod-wordpress.alfa.sx\/de\/wp-json\/wp\/v2\/pages\/809","targetHints":{"allow":["GET"]}}],"collection":[{"href":"https:\/\/cp-prod-wordpress.alfa.sx\/de\/wp-json\/wp\/v2\/pages"}],"about":[{"href":"https:\/\/cp-prod-wordpress.alfa.sx\/de\/wp-json\/wp\/v2\/types\/page"}],"author":[{"embeddable":true,"href":"https:\/\/cp-prod-wordpress.alfa.sx\/de\/wp-json\/wp\/v2\/users\/2"}],"replies":[{"embeddable":true,"href":"https:\/\/cp-prod-wordpress.alfa.sx\/de\/wp-json\/wp\/v2\/comments?post=809"}],"version-history":[{"count":18,"href":"https:\/\/cp-prod-wordpress.alfa.sx\/de\/wp-json\/wp\/v2\/pages\/809\/revisions"}],"predecessor-version":[{"id":810,"href":"https:\/\/cp-prod-wordpress.alfa.sx\/de\/wp-json\/wp\/v2\/pages\/809\/revisions\/810"}],"up":[{"embeddable":true,"href":"https:\/\/cp-prod-wordpress.alfa.sx\/de\/wp-json\/wp\/v2\/pages\/715"}],"wp:attachment":[{"href":"https:\/\/cp-prod-wordpress.alfa.sx\/de\/wp-json\/wp\/v2\/media?parent=809"}],"curies":[{"name":"wp","href":"https:\/\/api.w.org\/{rel}","templated":true}]}}