{"id":828,"date":"2023-10-18T07:29:05","date_gmt":"2023-10-18T07:29:05","guid":{"rendered":"https:\/\/strange-sammet.82-165-59-152.plesk.page\/?page_id=828"},"modified":"2025-03-25T15:32:24","modified_gmt":"2025-03-25T15:32:24","slug":"meetings","status":"publish","type":"page","link":"https:\/\/cp-prod-wordpress.alfa.sx\/de\/administration\/meetings\/","title":{"rendered":"Meetings"},"content":{"rendered":"\n<p>Sie k\u00f6nnen vertrauliche Besprechungen als tempor\u00e4res Meetings au\u00dferhalb Ihrer festen alfaview-R\u00e4ume durchf\u00fchren. Personen, die nicht zum Meeting eingeladen sind, k\u00f6nnen in der Raumliste weder den Meetingraum noch die Teilnehmer:innen des Meetings sehen. Meetingr\u00e4ume k\u00f6nnen nur f\u00fcr fest definierte Zeitr\u00e4ume erstellt werden. Nach der Durchf\u00fchrung werden sie automatisch wieder gel\u00f6scht und sind dann nicht mehr zug\u00e4nglich.<\/p>\n\n\n\n<h2 class=\"wp-block-heading\" class=\"wp-block-heading\" id=\"meetings-filtern\">Meetings filtern<a href=\"#meetings-filtern\" class=\"av-heading-anchor\"><i class=\"bi bi-link\"><\/i><\/a><\/h2>\n\n\n\n<p>Filtern Sie Ihre Meetings in der Verwaltungsoberfl\u00e4che nach den Kriterien&nbsp;<strong>Geplant, Laufend&nbsp;<\/strong>und&nbsp;<strong>Beendet<\/strong>, um einfacher Meetings zu bearbeiten, Gast- und Gruppenlinks zu versenden oder einen Anwesenheitsbericht zu erstellen.<\/p>\n\n\n\n<ul class=\"wp-block-list\">\n<li>Klicken Sie daf\u00fcr in die entsprechenden K\u00e4stchen unterhalb des Kalenders.<\/li>\n\n\n\n<li>In der Meetingliste werden Ihnen nun alle Meetings angezeigt, die den Filterkriterien entsprechen.<\/li>\n<\/ul>\n\n\n\n<h2 class=\"wp-block-heading\" class=\"wp-block-heading\" id=\"meetings-erstellen\"><a href=\"\/de\/administration\/meetings\/create-meeting\/\">Meetings erstellen<\/a><a href=\"#meetings-erstellen\" class=\"av-heading-anchor\"><i class=\"bi bi-link\"><\/i><\/a><\/h2>\n\n\n\n<p>Wenn Sie ein Meeting erstellen, wird es Ihnen in der alfaview-App auf der Startseite angezeigt. Auch in der Verwaltungsoberfl\u00e4che werden erstellte Meetings sowohl im Meetingkalender als auch in der Meetingliste angezeigt.<\/p>\n\n\n\n<h2 class=\"wp-block-heading\" class=\"wp-block-heading\" id=\"meeting-bearbeiten\"><a href=\"\/de\/administration\/meetings\/edit-meeting\/\">Meeting bearbeiten<\/a><a href=\"#meeting-bearbeiten\" class=\"av-heading-anchor\"><i class=\"bi bi-link\"><\/i><\/a><\/h2>\n\n\n\n<p>Bearbeiten Sie Meetings, die noch nicht begonnen haben. \u00c4ndern Sie die Agenda, den Titel oder die Uhrzeit sowie die Dauer des Meetings und versenden Sie Einladungen oder kopieren Sie den Einladungslink.<\/p>\n\n\n\n<h2 class=\"wp-block-heading\" class=\"wp-block-heading\" id=\"meeting-absagen\"><a href=\"\/de\/administration\/meetings\/cancel-meeting\/\">Meeting absagen<\/a><a href=\"#meeting-absagen\" class=\"av-heading-anchor\"><i class=\"bi bi-link\"><\/i><\/a><\/h2>\n\n\n\n<p>Sie k\u00f6nnen Meetings, die noch nicht begonnen haben, jederzeit absagen. Alle Personen, die \u00fcber die alfaview-Verwaltungsoberfl\u00e4che eingeladen wurden, k\u00f6nnen \u00fcber eine automatisch generierte E-Mail \u00fcber die Absage informiert werden.<\/p>\n\n\n\n<h2 class=\"wp-block-heading\" class=\"wp-block-heading\" id=\"anwesenheitsliste-und-anwesenheitsbericht\"><a href=\"\/de\/administration\/meetings\/attendance-list-and-attendance-report-meetings\/\"><a href=\"\/de\/administration\/meetings\/attendance-list-and-attendance-report-meetings\/\">Anwesenheitsliste und Anwesenheitsbericht<\/a><\/a><a href=\"#anwesenheitsliste-und-anwesenheitsbericht\" class=\"av-heading-anchor\"><i class=\"bi bi-link\"><\/i><\/a><\/h2>\n\n\n\n<p>Dokumentieren Sie, wer an Ihren Meetings teilnimmt oder teilgenommen hat. Die Anwesenheitsliste gibt Ihnen eine Momentaufnahme der teilnehmenden Personen, w\u00e4hrend der Anwesenheitsbericht das gesamte Meeting oder einen bestimmten Zeitraum abdeckt.<\/p>\n","protected":false},"excerpt":{"rendered":"<p>Erstellen, bearbeiten oder l\u00f6schen Sie tempor\u00e4re Meetings und laden Sie sowohl interne Benutzer:innen als auch externe Teilnehmer:innen dazu ein.<\/p>\n","protected":false},"author":3,"featured_media":0,"parent":462,"menu_order":15,"comment_status":"closed","ping_status":"closed","template":"","meta":{"footnotes":""},"class_list":["post-828","page","type-page","status-publish","hentry"],"_links":{"self":[{"href":"https:\/\/cp-prod-wordpress.alfa.sx\/de\/wp-json\/wp\/v2\/pages\/828","targetHints":{"allow":["GET"]}}],"collection":[{"href":"https:\/\/cp-prod-wordpress.alfa.sx\/de\/wp-json\/wp\/v2\/pages"}],"about":[{"href":"https:\/\/cp-prod-wordpress.alfa.sx\/de\/wp-json\/wp\/v2\/types\/page"}],"author":[{"embeddable":true,"href":"https:\/\/cp-prod-wordpress.alfa.sx\/de\/wp-json\/wp\/v2\/users\/3"}],"replies":[{"embeddable":true,"href":"https:\/\/cp-prod-wordpress.alfa.sx\/de\/wp-json\/wp\/v2\/comments?post=828"}],"version-history":[{"count":7,"href":"https:\/\/cp-prod-wordpress.alfa.sx\/de\/wp-json\/wp\/v2\/pages\/828\/revisions"}],"predecessor-version":[{"id":829,"href":"https:\/\/cp-prod-wordpress.alfa.sx\/de\/wp-json\/wp\/v2\/pages\/828\/revisions\/829"}],"up":[{"embeddable":true,"href":"https:\/\/cp-prod-wordpress.alfa.sx\/de\/wp-json\/wp\/v2\/pages\/462"}],"wp:attachment":[{"href":"https:\/\/cp-prod-wordpress.alfa.sx\/de\/wp-json\/wp\/v2\/media?parent=828"}],"curies":[{"name":"wp","href":"https:\/\/api.w.org\/{rel}","templated":true}]}}