{"id":902,"date":"2023-10-18T07:45:11","date_gmt":"2023-10-18T07:45:11","guid":{"rendered":"https:\/\/strange-sammet.82-165-59-152.plesk.page\/?page_id=902"},"modified":"2025-06-05T13:59:28","modified_gmt":"2025-06-05T13:59:28","slug":"poll","status":"publish","type":"page","link":"https:\/\/cp-prod-wordpress.alfa.sx\/de\/alfaview-app\/alfaview-room\/primary-and-secondary-controls\/toolbox\/poll\/","title":{"rendered":"Abstimmung \/ Umfrage"},"content":{"rendered":"\n<p>Als Moderator:in oder Administrator:in k\u00f6nnen Sie \u00fcber die Toolbox drei unterschiedliche Abfragen erstellen:<\/p>\n\n\n\n<ul class=\"wp-block-list\">\n<li><strong>Umfrage<\/strong><br>Eine Umfrage besteht aus einer Frage mit bis zu zehn Antworten, die Sie bei der Erstellung festlegen. Sie k\u00f6nnen auch entscheiden, ob die Teilnehmenden im alfaview-Raum f\u00fcr eine oder mehrere Antwortm\u00f6glichkeiten stimmen k\u00f6nnen.<\/li>\n\n\n\n<li><strong>Abstimmung<\/strong><br>F\u00fcr eine schnelle Erstellung sind bei der Abstimmung die Antwortm\u00f6glichkeiten <strong>Ja<\/strong>, <strong>Nein<\/strong> und <strong>Enthaltung<\/strong> bereits voreingestellt. Sie k\u00f6nnen weitere Antwortm\u00f6glichkeiten hinzuf\u00fcgen.<\/li>\n\n\n\n<li><strong>Sternebewertung<br><\/strong>Mit der Sternebewertung k\u00f6nnen Teilnehmende eine Frage, einen Sachverhalt oder einen Vorschlag mit einem bis f\u00fcnf Sternen bewerten. Das Ergebnis zeigt den Durchschnitt der abgegebenen Sterne an.<\/li>\n<\/ul>\n\n\n\n<div class=\"wp-block-alfaview-callout\">\n<p>Das Ergebnis der Umfrage, Abstimmung oder Sternebewertung k\u00f6nnen Sie f\u00fcr die Teilnehmenden im alfaview-Raum ver\u00f6ffentlichen.<\/p>\n<\/div>\n\n\n\n<ul class=\"wp-block-list\">\n<li><a href=\"https:\/\/cp-prod-wordpress.alfa.sx\/de\/alfaview-app\/alfaview-room\/primary-and-secondary-controls\/toolbox\/poll\/#tool-manager-oeffnen\">Tool-Manager \u00f6ffnen<\/a><\/li>\n\n\n\n<li><a href=\"https:\/\/cp-prod-wordpress.alfa.sx\/de\/alfaview-app\/alfaview-room\/primary-and-secondary-controls\/toolbox\/poll\/#umfrage-erstellen\">Umfrage erstellen<\/a><\/li>\n\n\n\n<li><a href=\"https:\/\/cp-prod-wordpress.alfa.sx\/de\/alfaview-app\/alfaview-room\/primary-and-secondary-controls\/toolbox\/poll\/#abstimmung-erstellen\">Abstimmung erstellen<\/a><\/li>\n\n\n\n<li><a href=\"https:\/\/cp-prod-wordpress.alfa.sx\/de\/alfaview-app\/alfaview-room\/primary-and-secondary-controls\/toolbox\/poll\/#sternebewertung-erstellen\">Sternebewertung erstellen<\/a><\/li>\n\n\n\n<li><a href=\"https:\/\/cp-prod-wordpress.alfa.sx\/de\/alfaview-app\/alfaview-room\/primary-and-secondary-controls\/toolbox\/poll\/#status-und-aktionen\">Status und Aktionen<\/a><\/li>\n\n\n\n<li><a href=\"https:\/\/cp-prod-wordpress.alfa.sx\/de\/alfaview-app\/alfaview-room\/primary-and-secondary-controls\/toolbox\/poll\/#funktionen-im-kontextmenue\">Funktionen im Kontextmen\u00fc<\/a><\/li>\n<\/ul>\n\n\n\n<h2 class=\"wp-block-heading\" class=\"wp-block-heading\" id=\"tool-manager-oeffnen\">Tool-Manager \u00f6ffnen<a href=\"#tool-manager-oeffnen\" class=\"av-heading-anchor\"><i class=\"bi bi-link\"><\/i><\/a><\/h2>\n\n\n\n<p>Sie k\u00f6nnen die Toolbox entweder direkt in der alfaview-App oder \u00fcber die <a href=\"https:\/\/cp-prod-wordpress.alfa.sx\/de\/administration\/room-management\/\">Raumverwaltung<\/a> \u00f6ffnen.<\/p>\n\n\n\n<p><strong>In der alfaview-App:<\/strong><\/p>\n\n\n\n<div class=\"wp-block-columns is-not-stacked-on-mobile is-layout-flex wp-container-core-columns-is-layout-9d6595d7 wp-block-columns-is-layout-flex\">\n<div class=\"wp-block-column is-layout-flow wp-block-column-is-layout-flow\" style=\"flex-basis:50px\">\n<button class=\"wp-block-alfaview-button av-button-main-menu av-button-grey\" disabled aria-label=\"Toolbox\"><i class=\"icon icon-ic_toolbox_24dp\"><\/i><\/button>\n<\/div>\n\n\n\n<div class=\"wp-block-column is-layout-flow wp-block-column-is-layout-flow\">\n<ul class=\"wp-block-list\">\n<li>\u00d6ffnen Sie die Toolbox im Funktionsmen\u00fc.<\/li>\n\n\n\n<li>Klicken Sie auf die Schaltfl\u00e4che <button class=\"av-button av-button--primary\">Tool-Manager<\/button>.<\/li>\n\n\n\n<li>Klicken Sie auf die Schaltfl\u00e4che <strong>Abstimmung \/ Umfrage<\/strong>. Sie werden nun zum Tool-Manager in Ihrem Internetbrowser weitergeleitet. Falls bereits Umfragen, Sternebewertungen und Abstimmungen f\u00fcr diesen Raum erstellt wurden, sehen Sie diese in der Liste.<\/li>\n<\/ul>\n<\/div>\n<\/div>\n\n\n\n<p><strong>In der Raumverwaltung:<\/strong><\/p>\n\n\n\n<ul class=\"wp-block-list\">\n<li>Melden Sie sich auf der <a href=\"https:\/\/app.alfaview.com\/#\/login\">Verwaltungsseite<\/a> an.<\/li>\n\n\n\n<li>Klicken Sie im Men\u00fc auf der linken Seite auf <strong>R\u00e4ume<\/strong>.<\/li>\n\n\n\n<li>Klicken Sie auf das Symbol <strong>Einstellungen <\/strong><img loading=\"lazy\" decoding=\"async\" width=\"20\" height=\"20\" class=\"wp-image-688\" style=\"width: 20px;\" src=\"https:\/\/staging-cp-prod-wordpress.alfa.sx\/wp-content\/uploads\/2023\/10\/icon-settings.png\" alt=\"Einstellungen Symbol\"> des Raumes, in dem Sie eine Abfrage erstellen m\u00f6chten.<\/li>\n\n\n\n<li>Klicken Sie auf die Schaltfl\u00e4che <img loading=\"lazy\" decoding=\"async\" width=\"20\" height=\"20\" class=\"wp-image-692\" style=\"width: 20px;\" src=\"https:\/\/cp-prod-wordpress.alfa.sx\/wp-content\/uploads\/2023\/10\/toolbox-icon.png\" alt=\"Toolbox Symbol\" srcset=\"https:\/\/cp-prod-wordpress.alfa.sx\/wp-content\/uploads\/2023\/10\/toolbox-icon.png 256w, https:\/\/cp-prod-wordpress.alfa.sx\/wp-content\/uploads\/2023\/10\/toolbox-icon-150x150.png 150w\" sizes=\"auto, (max-width: 20px) 100vw, 20px\" \/> <strong>Toolbox<\/strong>.<\/li>\n\n\n\n<li>Klicken Sie auf die Schaltfl\u00e4che <strong>Abstimmung \/ Umfrage<\/strong>. Sie werden nun zum Tool-Manager in Ihrem Internetbrowser weitergeleitet. Falls bereits Umfragen, Sternebewertungen und Abstimmungen f\u00fcr diesen Raum erstellt wurden, sehen Sie diese in der Liste.<\/li>\n<\/ul>\n\n\n\n<h2 class=\"wp-block-heading\" class=\"wp-block-heading\" id=\"umfrage-erstellen\">Umfrage erstellen<a href=\"#umfrage-erstellen\" class=\"av-heading-anchor\"><i class=\"bi bi-link\"><\/i><\/a><\/h2>\n\n\n\n<ul class=\"wp-block-list\">\n<li>Klicken Sie auf der Webseite des Tool-Managers in der oberen rechten Ecke auf die Schaltfl\u00e4che <button class=\"av-button av-button--primary\">Erstellen<\/button>.<\/li>\n\n\n\n<li>W\u00e4hlen Sie die Vorlage <strong>Umfrage<\/strong> im Auswahlmen\u00fc.<\/li>\n\n\n\n<li>F\u00fcllen Sie nun die folgenden Felder aus:\n<ul class=\"wp-block-list\">\n<li><strong>Titel:<\/strong> Geben Sie hier die Frage oder Aussage ein, \u00fcber die abgestimmt werden soll.<\/li>\n\n\n\n<li><strong>Antwortm\u00f6glichkeiten:<\/strong> Sie k\u00f6nnen hier bis zu zehn Antwortm\u00f6glichkeiten hinzuf\u00fcgen. Geben Sie daf\u00fcr die Antwortm\u00f6glichkeit ein und best\u00e4tigen Sie diese dann entweder durch einen Klick auf das blaue Plus oder durch Bet\u00e4tigen der Enter-Taste.<br>Sie k\u00f6nnen die Reihenfolge der Antwortm\u00f6glichkeiten \u00e4ndern, indem Sie auf die Pfeile klicken.<br>L\u00f6schen Sie eingegebene Antwortm\u00f6glichkeiten mit einem Klick auf das Symbol <img loading=\"lazy\" decoding=\"async\" width=\"20\" height=\"20\" class=\"wp-image-2145\" style=\"width: 20px;\" src=\"https:\/\/staging-cp-prod-wordpress.alfa.sx\/wp-content\/uploads\/2023\/12\/delete-red.png\" alt=\"L\u00f6schen Symbol\" srcset=\"https:\/\/cp-prod-wordpress.alfa.sx\/wp-content\/uploads\/2023\/12\/delete-red.png 256w, https:\/\/cp-prod-wordpress.alfa.sx\/wp-content\/uploads\/2023\/12\/delete-red-150x150.png 150w\" sizes=\"auto, (max-width: 20px) 100vw, 20px\" \/> <strong>L\u00f6schen<\/strong>.<\/li>\n\n\n\n<li>Klicken Sie auf das Auswahlmen\u00fc unter <strong>Anzahl Antwortm\u00f6glichkeiten<\/strong>. W\u00e4hlen Sie nun, ob die Teilnehmenden f\u00fcr eine oder mehrere Antwortm\u00f6glichkeiten stimmen k\u00f6nnen.<\/li>\n<\/ul>\n<\/li>\n\n\n\n<li>Klicken Sie anschlie\u00dfend auf die Schaltfl\u00e4che <button class=\"av-button av-button--primary\">Umfrage erstellen<\/button>. Sie kehren nun zur Liste aller Abfragen zur\u00fcck und Ihre Umfrage hat den Status <strong>Entwurf<\/strong>.<\/li>\n<\/ul>\n\n\n\n<div class=\"wp-block-alfaview-callout\">\n<p><strong><strong>Ver\u00f6ffentlichen und starten<\/strong>: <\/strong>Mit<strong> <strong>Ver\u00f6ffentlichen und starten <\/strong><\/strong>k\u00f6nnen Sie die Umfrage zur Stimmabgabe direkt im alfaview-Raum teilen.<\/p>\n\n\n\n<ul class=\"wp-block-list\">\n<li><strong><strong>Bitte beachten Sie, dass die Umfrage bei einer direkten Ver\u00f6ffentlichung nicht mehr nachtr\u00e4glich bearbeitet werden kann. <\/strong><\/strong><\/li>\n\n\n\n<li>Setzen Sie daher den Haken im K\u00e4stchen neben <strong>Ver\u00f6ffentlichen und starten<\/strong> nur, wenn Sie keine \u00c4nderungen mehr vornehmen m\u00f6chten.<\/li>\n\n\n\n<li>Die Umfrage besitzt nach der Direktver\u00f6ffentlichung den Status <strong>Ver\u00f6ffentlicht<\/strong>.<\/li>\n<\/ul>\n<\/div>\n\n\n\n<p>Eine genaue Erkl\u00e4rung eines jeden Status mit dazugeh\u00f6riger Aktion finden Sie im Abschnitt <a href=\"\/de\/alfaview-app\/alfaview-room\/toolbox\/poll\/#status-und-aktionen\">Status und Aktionen<\/a>.<\/p>\n\n\n\n<h2 class=\"wp-block-heading\" class=\"wp-block-heading\" id=\"abstimmung-erstellen\">Abstimmung erstellen<a href=\"#abstimmung-erstellen\" class=\"av-heading-anchor\"><i class=\"bi bi-link\"><\/i><\/a><\/h2>\n\n\n\n<ul class=\"wp-block-list\">\n<li>Klicken Sie auf der Webseite des Tool-Manager in der oberen rechten Ecke auf die Schaltfl\u00e4che <button class=\"av-button av-button--primary\">Erstellen<\/button>.<\/li>\n\n\n\n<li>W\u00e4hlen Sie die Vorlage <strong>Abstimmung <\/strong>im Auswahlmen\u00fc.<\/li>\n\n\n\n<li>F\u00fcllen Sie nun die folgenden Felder aus:\n<ul class=\"wp-block-list\">\n<li><strong>Titel:<\/strong> Geben Sie hier die Frage oder Aussage ein, \u00fcber die abgestimmt werden soll.<\/li>\n\n\n\n<li><strong>Antwortm\u00f6glichkeiten:<\/strong> Die Antwortm\u00f6glichkeiten <strong>Ja<\/strong>, <strong>Nein, <\/strong>und <strong>Enthaltung<\/strong> sind bereits eingestellt.<br>Sie k\u00f6nnen bis zu sieben weitere Antwortm\u00f6glichkeiten hinzuf\u00fcgen. Geben Sie daf\u00fcr die Antwortm\u00f6glichkeit ein und best\u00e4tigen Sie dann entweder durch einen Klick auf das blaue Plus-Symbol oder durch Bet\u00e4tigen der Enter-Taste.<br>Sie k\u00f6nnen die Reihenfolge der Antwortm\u00f6glichkeiten \u00e4ndern, indem Sie auf die Pfeil-Symbole klicken.<br>L\u00f6schen Sie eingegebene Antwortm\u00f6glichkeiten mit einem Klick auf das Symbol <img loading=\"lazy\" decoding=\"async\" width=\"20\" height=\"20\" class=\"wp-image-2145\" style=\"width: 20px;\" src=\"https:\/\/cp-prod-wordpress.alfa.sx\/wp-content\/uploads\/2023\/12\/delete-red.png\" alt=\"L\u00f6schen Symbol\" srcset=\"https:\/\/cp-prod-wordpress.alfa.sx\/wp-content\/uploads\/2023\/12\/delete-red.png 256w, https:\/\/cp-prod-wordpress.alfa.sx\/wp-content\/uploads\/2023\/12\/delete-red-150x150.png 150w\" sizes=\"auto, (max-width: 20px) 100vw, 20px\" \/> <strong>L\u00f6schen<\/strong>.<\/li>\n\n\n\n<li>Klicken Sie auf das Auswahlmen\u00fc unter <strong>Anzahl Antwortm\u00f6glichkeiten<\/strong>. W\u00e4hlen Sie nun, f\u00fcr wie viele Antwortm\u00f6glichkeiten die Teilnehmenden stimmen k\u00f6nnen.<\/li>\n<\/ul>\n<\/li>\n\n\n\n<li>Klicken Sie anschlie\u00dfend auf die Schaltfl\u00e4che <button class=\"av-button av-button--primary\">Abstimmung erstellen<\/button>. Sie kehren nun zur Liste aller Abfragen zur\u00fcck und Ihre Abstimmung hat den Status <strong>Entwurf<\/strong>.<\/li>\n<\/ul>\n\n\n\n<div class=\"wp-block-alfaview-callout\">\n<p><strong><strong><strong>Ver\u00f6ffentlichen und starten<\/strong>: Mit <strong>Ver\u00f6ffentlichen und starten <\/strong>k\u00f6nnen Sie die Abstimmung zur Stimmabgabe direkt im alfaview-Raum teilen.<\/strong><\/strong><\/p>\n\n\n\n<ul class=\"wp-block-list\">\n<li><strong><strong>Bitte beachten Sie, dass die Abstimmung bei einer direkten Ver\u00f6ffentlichung nicht mehr nachtr\u00e4glich bearbeitet werden kann. <\/strong><\/strong><\/li>\n\n\n\n<li>Setzen Sie daher den Haken im K\u00e4stchen neben <strong>Ver\u00f6ffentlichen und starten<\/strong> nur, wenn Sie keine \u00c4nderungen mehr vornehmen m\u00f6chten.<\/li>\n\n\n\n<li>Die Abstimmung besitzt nach der Direktver\u00f6ffentlichung den Status <strong>Ver\u00f6ffentlicht<\/strong>.<\/li>\n<\/ul>\n<\/div>\n\n\n\n<p>Eine genaue Erkl\u00e4rung eines jeden Status mit dazugeh\u00f6riger Aktion finden Sie im Abschnitt <a href=\"\/de\/alfaview-app\/alfaview-room\/toolbox\/poll\/#status-und-aktionen\">Status und Aktionen<\/a>.<\/p>\n\n\n\n<h2 class=\"wp-block-heading\" class=\"wp-block-heading\" id=\"sternebewertung-erstellen\">Sternebewertung erstellen<a href=\"#sternebewertung-erstellen\" class=\"av-heading-anchor\"><i class=\"bi bi-link\"><\/i><\/a><\/h2>\n\n\n\n<ul class=\"wp-block-list\">\n<li>Klicken Sie auf der Webseite des Tool-Manager in der oberen rechten Ecke auf die Schaltfl\u00e4che <button class=\"av-button av-button--primary\">Erstellen<\/button>.<\/li>\n\n\n\n<li>W\u00e4hlen Sie die Vorlage <strong>Sternebewertung<\/strong> im Auswahlmen\u00fc.<\/li>\n\n\n\n<li><strong>Titel<\/strong>: Geben Sie im Eingabefeld <strong>Titel<\/strong> eine Frage, Aussage oder Beschreibung ein, die die Teilnehmenden bewerten sollen.<\/li>\n\n\n\n<li>Klicken Sie anschlie\u00dfend auf die Schaltfl\u00e4che <button class=\"av-button av-button--primary\">Sternebewertung erstellen<\/button>. Sie kehren nun zur Liste aller Abfragen zur\u00fcck und Ihre Sternebewertung hat den Status <strong>Entwurf<\/strong>.<\/li>\n<\/ul>\n\n\n\n<div class=\"wp-block-alfaview-callout\">\n<p><strong><strong><strong><strong>Ver\u00f6ffentlichen und starten<\/strong>: Mit <strong>Ver\u00f6ffentlichen und starten <\/strong>k\u00f6nnen Sie die Sternebewertung zur Stimmabgabe direkt im alfaview-Raum teilen.<\/strong><\/strong><\/strong><\/p>\n\n\n\n<ul class=\"wp-block-list\">\n<li><strong>Bitte beachten Sie, dass die Sternebewertung bei einer direkten Ver\u00f6ffentlichung nicht mehr nachtr\u00e4glich bearbeitet werden kann<\/strong>.<\/li>\n\n\n\n<li>Setzen Sie daher den Haken im K\u00e4stchen neben <strong>Ver\u00f6ffentlichen und starten<\/strong> nur, wenn Sie keine \u00c4nderungen mehr vornehmen m\u00f6chten.<\/li>\n\n\n\n<li>Die Sternebewertung besitzt nach der Direktver\u00f6ffentlichung den Status <strong>Ver\u00f6ffentlicht<\/strong>.<\/li>\n<\/ul>\n<\/div>\n\n\n\n<p>Eine genaue Erkl\u00e4rung eines jeden Status mit dazugeh\u00f6riger Aktion finden Sie im Abschnitt <a href=\"\/de\/alfaview-app\/alfaview-room\/toolbox\/poll\/#status-und-aktionen\">Status und Aktionen<\/a>.<\/p>\n\n\n\n<h2 class=\"wp-block-heading\" class=\"wp-block-heading\" id=\"status-und-aktionen\">Status und Aktionen<a href=\"#status-und-aktionen\" class=\"av-heading-anchor\"><i class=\"bi bi-link\"><\/i><\/a><\/h2>\n\n\n\n<p>Umfragen, Abstimmungen und Sternebewertungen besitzen nach der Erstellung immer einen Status. Je nach Status der Abfrage stehen Ihnen unterschiedliche <a href=\"\/de\/alfaview-app\/alfaview-room\/toolbox\/poll\/#funktionen-im-kontextmenue\">Funktionen im Kontextmen\u00fc<\/a> zur Verf\u00fcgung.<\/p>\n\n\n\n<figure class=\"wp-block-table is-style-stripes\"><table><thead><tr><th>Status<\/th><th>Aktionen<\/th><\/tr><\/thead><tbody><tr><td><strong>Entwurf<\/strong><\/td><td>Sie k\u00f6nnen die Abfrage \u00fcber das Kontextmen\u00fc <img loading=\"lazy\" decoding=\"async\" width=\"20\" height=\"20\" class=\"wp-image-2122\" style=\"width: 20px;\" src=\"https:\/\/cp-prod-wordpress.alfa.sx\/wp-content\/uploads\/2023\/12\/dots.png\" alt=\"Kontextmen\u00fc Toolbox\"> bearbeiten, solange sie sich im Status <strong>Entwurf<\/strong> befindet. Dar\u00fcber hinaus k\u00f6nnen Sie sich eine Vorschau Ihrer Abfrage anzeigen lassen.<br>Klicken Sie auf die Aktion <button class=\"av-button av-button--default\">Ver\u00f6ffentlichen<\/button>, um die Abfrage im alfaview-Raum anzeigen zu lassen. Best\u00e4tigen Sie die Ver\u00f6ffentlichung im neuen Fenster mit einem Klick auf die Schaltfl\u00e4che <button class=\"av-button--primary av-button\">Ja<\/button>.<\/td><\/tr><tr><td><strong>Ver\u00f6ffentlicht<\/strong><\/td><td>Die Abfrage ist nun in der Toolbox im alfaview-Raum sichtbar. Die Teilnehmenden k\u00f6nnen die Abfrage ansehen, aber noch <strong>nicht<\/strong> abstimmen. <br>Klicken Sie auf die Aktion <button class=\"av-button av-button--default\">Starten<\/button>, um die Abfrage freizugeben.<\/td><\/tr><tr><td><strong>Gestartet<\/strong><\/td><td>Die Teilnehmenden k\u00f6nnen nun an der Abfrage teilnehmen und ihre Stimme abgeben.<br>Klicken Sie auf die Aktion <button class=\"av-button av-button--default\">Beenden<\/button>, um die Abfrage zu schlie\u00dfen.<\/td><\/tr><tr><td><strong>Beendet<\/strong><\/td><td>Die Abfrage wird nicht mehr in der Toolbox angezeigt.<br>Als Administrator:in oder Moderator:in k\u00f6nnen Sie das Ergebnis im Tool-Manager einsehen. Klicken Sie daf\u00fcr auf die gew\u00fcnschte Abfrage in der Liste oder auf den kleinen Pfeil links neben dem Titel.<br>Klicken Sie auf die Aktion <button class=\"av-button av-button--default\">Ergebnis ver\u00f6ffentlichen<\/button>, um das Ergebnis in der Toolbox im alfaview-Raum anzuzeigen.<\/td><\/tr><tr><td><strong>Ergebnis ver\u00f6ffentlicht<\/strong><\/td><td>Die Teilnehmenden im alfaview-Raum k\u00f6nnen sich das Ergebnis \u00fcber die Toolbox ansehen.<br>Klicken Sie auf die Aktion <button class=\"av-button av-button--default\">Ergebnis ausblenden<\/button>, damit das Ergebnis im alfaview-Raum nicht mehr angezeigt wird.<\/td><\/tr><\/tbody><\/table><\/figure>\n\n\n\n<div class=\"wp-block-alfaview-callout\">\n<p>Solange Sie die Umfrage, Abstimmung oder Sternebewertung nicht l\u00f6schen, k\u00f6nnen Sie beliebig oft zwischen den Status <strong>Beendet<\/strong> und <strong>Ergebnis ver\u00f6ffentlicht<\/strong> wechseln. Klicken Sie daf\u00fcr die entsprechende Aktion an.<\/p>\n<\/div>\n\n\n\n<h2 class=\"wp-block-heading\" class=\"wp-block-heading\" id=\"funktionen-im-kontextmenue\">Funktionen im Kontextmen\u00fc<a href=\"#funktionen-im-kontextmenue\" class=\"av-heading-anchor\"><i class=\"bi bi-link\"><\/i><\/a><\/h2>\n\n\n\n<p>Im Kontextmen\u00fc <img loading=\"lazy\" decoding=\"async\" width=\"20\" height=\"20\" class=\"wp-image-2122\" style=\"width: 20px;\" src=\"https:\/\/cp-prod-wordpress.alfa.sx\/wp-content\/uploads\/2023\/12\/dots.png\" alt=\"Kontextmen\u00fc Toolbox\"> jeder Abfrage stehen Ihnen verschiedene Verwaltungsfunktionen zur Verf\u00fcgung.<\/p>\n\n\n\n<div class=\"wp-block-columns is-not-stacked-on-mobile is-layout-flex wp-container-core-columns-is-layout-9d6595d7 wp-block-columns-is-layout-flex\">\n<div class=\"wp-block-column is-layout-flow wp-block-column-is-layout-flow\" style=\"flex-basis:50px\">\n<button class=\"wp-block-alfaview-button av-button-main-menu av-button-grey\" disabled aria-label=\"Bearbeiten\"><i class=\"icon icon-ic_edit_24dp\"><\/i><\/button>\n<\/div>\n\n\n\n<div class=\"wp-block-column is-layout-flow wp-block-column-is-layout-flow\">\n<p><strong>Bearbeiten<\/strong>: Im Status <strong>Entwurf<\/strong> besteht die M\u00f6glichkeit, den <strong>Titel<\/strong>, die <strong>Antwortm\u00f6glichkeiten <\/strong>sowie die <strong>Anzahl der Antwortm\u00f6glichkeiten<\/strong>, f\u00fcr die gestimmt werden kann, zu bearbeiten.<br>In einem sp\u00e4teren Status ist diese Funktion nicht mehr zug\u00e4nglich.<\/p>\n<\/div>\n<\/div>\n\n\n\n<div class=\"wp-block-columns is-not-stacked-on-mobile is-layout-flex wp-container-core-columns-is-layout-9d6595d7 wp-block-columns-is-layout-flex\">\n<div class=\"wp-block-column is-layout-flow wp-block-column-is-layout-flow\" style=\"flex-basis:50px\">\n<button class=\"wp-block-alfaview-button av-button-main-menu av-button-grey\" disabled aria-label=\"Aktion\"><i class=\"icon icon-ic_forward_24dp\"><\/i><\/button>\n<\/div>\n\n\n\n<div class=\"wp-block-column is-layout-flow wp-block-column-is-layout-flow\">\n<p><strong>Aktion<\/strong>: Diese Funktion erm\u00f6glicht den Wechsel von einem Status in den n\u00e4chsten.<br>Des Weiteren besteht die M\u00f6glichkeit, die Aktionen \u00fcber die Liste aller Abfragen mit einem Klick auf die entsprechende Schaltfl\u00e4che auszuf\u00fchren.<\/p>\n<\/div>\n<\/div>\n\n\n\n<div class=\"wp-block-columns is-not-stacked-on-mobile is-layout-flex wp-container-core-columns-is-layout-9d6595d7 wp-block-columns-is-layout-flex\">\n<div class=\"wp-block-column is-layout-flow wp-block-column-is-layout-flow\" style=\"flex-basis:50px\">\n<button class=\"wp-block-alfaview-button av-button-main-menu av-button-grey\" disabled aria-label=\"Vorschau\"><i class=\"icon icon-ic_remove_red_eye_24dp\"><\/i><\/button>\n<\/div>\n\n\n\n<div class=\"wp-block-column is-layout-flow wp-block-column-is-layout-flow\">\n<p><strong>Vorschau<\/strong>: Die Vorschau erm\u00f6glicht es Ihnen, die Umfrage, Abstimmung oder Sternebewertung vor der Ver\u00f6ffentlichung einzusehen. Auf diese Weise k\u00f6nnen Sie sicherstellen, dass die Darstellung korrekt ist.<\/p>\n<\/div>\n<\/div>\n\n\n\n<div class=\"wp-block-columns is-not-stacked-on-mobile is-layout-flex wp-container-core-columns-is-layout-9d6595d7 wp-block-columns-is-layout-flex\">\n<div class=\"wp-block-column is-layout-flow wp-block-column-is-layout-flow\" style=\"flex-basis:50px\">\n<button class=\"wp-block-alfaview-button av-button-main-menu av-button-grey\" disabled aria-label=\"CSV-Export\"><i class=\"icon icon-ic_file_download_24dp\"><\/i><\/button>\n<\/div>\n\n\n\n<div class=\"wp-block-column is-layout-flow wp-block-column-is-layout-flow\">\n<p><strong>CSV-Export<\/strong>: Laden Sie das Ergebnis der Abfrage als CSV-Datei herunter.<\/p>\n<\/div>\n<\/div>\n\n\n\n<div class=\"wp-block-columns is-not-stacked-on-mobile is-layout-flex wp-container-core-columns-is-layout-9d6595d7 wp-block-columns-is-layout-flex\">\n<div class=\"wp-block-column is-layout-flow wp-block-column-is-layout-flow\" style=\"flex-basis:50px\">\n<button class=\"wp-block-alfaview-button av-button-main-menu av-button-grey\" disabled aria-label=\"Duplizieren\"><i class=\"icon icon-ic_sync_24dp\"><\/i><\/button>\n<\/div>\n\n\n\n<div class=\"wp-block-column is-layout-flow wp-block-column-is-layout-flow\">\n<p><strong>Duplizieren<\/strong>: Erstellen Sie eine Kopie Ihrer Abfrage. Die duplizierte Abfrage hat den Status <strong>Entwurf<\/strong>.<\/p>\n<\/div>\n<\/div>\n\n\n\n<div class=\"wp-block-columns is-not-stacked-on-mobile is-layout-flex wp-container-core-columns-is-layout-9d6595d7 wp-block-columns-is-layout-flex\">\n<div class=\"wp-block-column is-layout-flow wp-block-column-is-layout-flow\" style=\"flex-basis:50px\">\n<button class=\"wp-block-alfaview-button av-button-main-menu av-button-grey\" disabled aria-label=\"L\u00f6schen\"><i class=\"icon icon-ic_delete_24dp\"><\/i><\/button>\n<\/div>\n\n\n\n<div class=\"wp-block-column is-layout-flow wp-block-column-is-layout-flow\">\n<p><strong>L\u00f6schen<\/strong>: L\u00f6schen Sie Ihre Umfrage, Abstimmung oder Sternebewertung. Best\u00e4tigen Sie den L\u00f6schvorgang im neuen Fenster mit einem Klick auf die Schaltfl\u00e4che <button class=\"av-button av-button--error\">Ja<\/button>.<br>Das Ergebnis ist dann nicht mehr abrufbar.<\/p>\n<\/div>\n<\/div>\n","protected":false},"excerpt":{"rendered":"<p>Als Moderator:in oder Administrator:in k\u00f6nnen Sie \u00fcber die Toolbox drei unterschiedliche Abfragen erstellen: UmfrageEine Umfrage besteht aus einer Frage mit bis zu zehn Antworten, die Sie bei der Erstellung festlegen. Sie k\u00f6nnen auch entscheiden, ob [&hellip;]<\/p>\n","protected":false},"author":2,"featured_media":0,"parent":809,"menu_order":10,"comment_status":"closed","ping_status":"closed","template":"","meta":{"footnotes":""},"class_list":["post-902","page","type-page","status-publish","hentry"],"_links":{"self":[{"href":"https:\/\/cp-prod-wordpress.alfa.sx\/de\/wp-json\/wp\/v2\/pages\/902","targetHints":{"allow":["GET"]}}],"collection":[{"href":"https:\/\/cp-prod-wordpress.alfa.sx\/de\/wp-json\/wp\/v2\/pages"}],"about":[{"href":"https:\/\/cp-prod-wordpress.alfa.sx\/de\/wp-json\/wp\/v2\/types\/page"}],"author":[{"embeddable":true,"href":"https:\/\/cp-prod-wordpress.alfa.sx\/de\/wp-json\/wp\/v2\/users\/2"}],"replies":[{"embeddable":true,"href":"https:\/\/cp-prod-wordpress.alfa.sx\/de\/wp-json\/wp\/v2\/comments?post=902"}],"version-history":[{"count":18,"href":"https:\/\/cp-prod-wordpress.alfa.sx\/de\/wp-json\/wp\/v2\/pages\/902\/revisions"}],"predecessor-version":[{"id":907,"href":"https:\/\/cp-prod-wordpress.alfa.sx\/de\/wp-json\/wp\/v2\/pages\/902\/revisions\/907"}],"up":[{"embeddable":true,"href":"https:\/\/cp-prod-wordpress.alfa.sx\/de\/wp-json\/wp\/v2\/pages\/809"}],"wp:attachment":[{"href":"https:\/\/cp-prod-wordpress.alfa.sx\/de\/wp-json\/wp\/v2\/media?parent=902"}],"curies":[{"name":"wp","href":"https:\/\/api.w.org\/{rel}","templated":true}]}}