{"id":903,"date":"2023-10-18T07:58:03","date_gmt":"2023-10-18T07:58:03","guid":{"rendered":"https:\/\/strange-sammet.82-165-59-152.plesk.page\/?page_id=903"},"modified":"2025-06-10T06:30:34","modified_gmt":"2025-06-10T06:30:34","slug":"edit-meeting","status":"publish","type":"page","link":"https:\/\/cp-prod-wordpress.alfa.sx\/de\/administration\/meetings\/edit-meeting\/","title":{"rendered":"Meeting bearbeiten"},"content":{"rendered":"\n<div class=\"wp-block-alfaview-callout\">\n<p>Sie k\u00f6nnen alle Meetings bearbeiten, die noch nicht begonnen haben. Personalisierte Gastlinks und allgemeine Gruppenlinks k\u00f6nnen Sie immer erstellen.<\/p>\n<\/div>\n\n\n\n<p>W\u00e4hlen Sie in der Liste aller Meetings unter dem Kalender das Meeting aus, welches Sie bearbeiten m\u00f6chten. Alternativ k\u00f6nnen Sie die Meetingliste filtern.<br><br><\/p>\n\n\n\n<h2 class=\"wp-block-heading\" class=\"wp-block-heading\" id=\"meetings-filtern\">Meetings filtern<a href=\"#meetings-filtern\" class=\"av-heading-anchor\"><i class=\"bi bi-link\"><\/i><\/a><\/h2>\n\n\n<div class=\"wp-block-image\">\n<figure class=\"alignright size-full is-resized\"><a href=\"https:\/\/cp-prod-wordpress.alfa.sx\/wp-content\/uploads\/2024\/10\/filter_meeting_de.png\"><img loading=\"lazy\" decoding=\"async\" width=\"385\" height=\"106\" src=\"https:\/\/cp-prod-wordpress.alfa.sx\/wp-content\/uploads\/2024\/10\/filter_meeting_de.png\" alt=\"Screenshot des Features Meetings filtern\" class=\"wp-image-4995\" style=\"width:250px\" srcset=\"https:\/\/cp-prod-wordpress.alfa.sx\/wp-content\/uploads\/2024\/10\/filter_meeting_de.png 385w, https:\/\/cp-prod-wordpress.alfa.sx\/wp-content\/uploads\/2024\/10\/filter_meeting_de-300x83.png 300w\" sizes=\"auto, (max-width: 385px) 100vw, 385px\" \/><\/a><figcaption class=\"wp-element-caption\">Filtern der Meetings<\/figcaption><\/figure>\n<\/div>\n\n\n<p>Unterhalb des Kalenders steht Ihnen die Filterfunktion zur Verf\u00fcgung. Wenn Sie keine Voreinstellungen vorgenommen haben, werden Ihnen alle Meetings, die Sie geplant oder bereits begonnen haben, angezeigt.<\/p>\n\n\n\n<p>Klicken Sie in das K\u00e4stchen&nbsp;<strong>Geplant<\/strong>, um alle Meetings anzeigen zu lassen, die Sie noch bearbeiten k\u00f6nnen.<\/p>\n\n\n\n<div class=\"wp-block-alfaview-callout\">\n<p>Bitte beachten Sie, dass Sie nur Meetings, die noch nicht begonnen haben, bearbeiten k\u00f6nnen.<\/p>\n<\/div>\n\n\n\n<h2 class=\"wp-block-heading\" class=\"wp-block-heading\" id=\"meeting-bearbeiten\">Meeting bearbeiten<a href=\"#meeting-bearbeiten\" class=\"av-heading-anchor\"><i class=\"bi bi-link\"><\/i><\/a><\/h2>\n\n\n<div class=\"wp-block-image\">\n<figure class=\"alignright size-large is-resized\"><a href=\"https:\/\/cp-prod-wordpress.alfa.sx\/wp-content\/uploads\/2024\/04\/edit-meeting-de.png\"><img loading=\"lazy\" decoding=\"async\" width=\"1024\" height=\"514\" src=\"https:\/\/cp-prod-wordpress.alfa.sx\/wp-content\/uploads\/2024\/04\/edit-meeting-de-1024x514.png\" alt=\"Screenshot der Meetingseite, ein Meeting in der Meetingliste ist umrandet\" class=\"wp-image-3390\" style=\"width:250px\" srcset=\"https:\/\/cp-prod-wordpress.alfa.sx\/wp-content\/uploads\/2024\/04\/edit-meeting-de-1024x514.png 1024w, https:\/\/cp-prod-wordpress.alfa.sx\/wp-content\/uploads\/2024\/04\/edit-meeting-de-300x150.png 300w, https:\/\/cp-prod-wordpress.alfa.sx\/wp-content\/uploads\/2024\/04\/edit-meeting-de-768x385.png 768w, https:\/\/cp-prod-wordpress.alfa.sx\/wp-content\/uploads\/2024\/04\/edit-meeting-de-1536x771.png 1536w, https:\/\/cp-prod-wordpress.alfa.sx\/wp-content\/uploads\/2024\/04\/edit-meeting-de.png 1840w\" sizes=\"auto, (max-width: 1024px) 100vw, 1024px\" \/><\/a><figcaption class=\"wp-element-caption\">Meeting bearbeiten<\/figcaption><\/figure>\n<\/div>\n\n\n<ul class=\"wp-block-list\">\n<li>W\u00e4hlen Sie in der Liste aller Meetings unter dem Kalender das Meeting aus, welches Sie bearbeiten m\u00f6chten.<\/li>\n\n\n\n<li>Klicken Sie auf das Kontextmen\u00fc&nbsp;<img loading=\"lazy\" decoding=\"async\" width=\"20\" height=\"20\" class=\"wp-image-2122\" style=\"width: 20px;\" src=\"https:\/\/cp-prod-wordpress.alfa.sx\/wp-content\/uploads\/2023\/12\/dots.png\" alt=\"\">&nbsp;des Meetings und dann auf <strong>Meeting bearbeiten<\/strong>.<\/li>\n\n\n\n<li>Alternativ k\u00f6nnen Sie auch auf das Meeting im Kalender klicken. Klicken Sie dann auf das Symbol <img loading=\"lazy\" decoding=\"async\" width=\"20\" height=\"20\" class=\"wp-image-2143\" style=\"width: 20px;\" src=\"https:\/\/cp-prod-wordpress.alfa.sx\/wp-content\/uploads\/2023\/12\/edit-grey.png\" alt=\"Symbol Bearbeiten\" srcset=\"https:\/\/cp-prod-wordpress.alfa.sx\/wp-content\/uploads\/2023\/12\/edit-grey.png 256w, https:\/\/cp-prod-wordpress.alfa.sx\/wp-content\/uploads\/2023\/12\/edit-grey-150x150.png 150w\" sizes=\"auto, (max-width: 20px) 100vw, 20px\" \/><strong>Bearbeiten<\/strong>.<\/li>\n<\/ul>\n\n\n\n<div style=\"height:1px\" aria-hidden=\"true\" class=\"wp-block-spacer\"><\/div>\n\n\n\n<p>Sie k\u00f6nnen folgende Einstellungen im Reiter <strong>Allgemein <\/strong>bearbeiten:<\/p>\n\n\n<div class=\"wp-block-image\">\n<figure class=\"alignright size-full is-resized\"><a href=\"https:\/\/cp-prod-wordpress.alfa.sx\/wp-content\/uploads\/2024\/01\/edit-meeting-general-de.png\"><img loading=\"lazy\" decoding=\"async\" width=\"810\" height=\"848\" src=\"https:\/\/cp-prod-wordpress.alfa.sx\/wp-content\/uploads\/2024\/01\/edit-meeting-general-de.png\" alt=\"Screenshot des Fensters Meeting bearbeiten, der Reiter Allgemein ist ge\u00f6ffnet\" class=\"wp-image-2407\" style=\"width:250px\" srcset=\"https:\/\/cp-prod-wordpress.alfa.sx\/wp-content\/uploads\/2024\/01\/edit-meeting-general-de.png 810w, https:\/\/cp-prod-wordpress.alfa.sx\/wp-content\/uploads\/2024\/01\/edit-meeting-general-de-287x300.png 287w, https:\/\/cp-prod-wordpress.alfa.sx\/wp-content\/uploads\/2024\/01\/edit-meeting-general-de-768x804.png 768w\" sizes=\"auto, (max-width: 810px) 100vw, 810px\" \/><\/a><figcaption class=\"wp-element-caption\">Bearbeitung der allgemeinen Einstellungen<\/figcaption><\/figure>\n<\/div>\n\n\n<ul class=\"wp-block-list\">\n<li><strong>Titel:<\/strong>&nbsp;\u00c4ndern Sie den Titel Ihres Meetings, indem Sie in das Eingabefeld klicken. Geben Sie nun den neuen Titel ein.<\/li>\n\n\n\n<li><strong>Agenda:<\/strong>&nbsp;Klicken Sie in das Eingabefeld der Agenda, um diese zu bearbeiten.<\/li>\n\n\n\n<li><strong>Beginnt:<\/strong>&nbsp;Sie k\u00f6nnen hier das Datum sowie die Uhrzeit Ihres Meetings \u00e4ndern.<br>Klicken Sie auf die Schaltfl\u00e4che <button class=\"av-button av-button--default\">Zeitraum festlegen<\/button>. \u00c4ndern Sie das Datum und die Uhrzeit. Klicken Sie anschlie\u00dfend auf die Schaltfl\u00e4che <button class=\"av-button av-button--primary\">Ausw\u00e4hlen<\/button>, um die \u00c4nderungen zu speichern.<\/li>\n\n\n\n<li><strong>Zeitzone:<\/strong> \u00c4ndern Sie die Zeitzone mit einem Klick auf das Symbol <img loading=\"lazy\" decoding=\"async\" width=\"20\" height=\"20\" class=\"wp-image-2143\" style=\"width: 20px;\" src=\"https:\/\/cp-prod-wordpress.alfa.sx\/wp-content\/uploads\/2023\/12\/edit-grey.png\" alt=\"Symbol Bearbeiten\" srcset=\"https:\/\/cp-prod-wordpress.alfa.sx\/wp-content\/uploads\/2023\/12\/edit-grey.png 256w, https:\/\/cp-prod-wordpress.alfa.sx\/wp-content\/uploads\/2023\/12\/edit-grey-150x150.png 150w\" sizes=\"auto, (max-width: 20px) 100vw, 20px\" \/> <strong>Bearbeiten<\/strong> und w\u00e4hlen Sie in der Auswahlliste die korrekte Zeitzone.<\/li>\n\n\n\n<li><strong>Dauer:<\/strong>&nbsp;Ver\u00e4ndern Sie hier die Dauer Ihres Meetings.<\/li>\n\n\n\n<li><strong>Gruppen:<\/strong> Sie k\u00f6nnen hier die Anzahl der Gruppen, die in Ihrem Meeting zur Verf\u00fcgung stehen, anpassen. Klicken Sie auf die Auswahlliste und w\u00e4hlen Sie die entsprechende Anzahl aus.<\/li>\n\n\n\n<li><strong>Fr\u00fcherer Zugang: <\/strong>Passen Sie den Zeitraum an, in dem Ihre Teilnehmer:innen den Raum bereits vor Beginn des Meetings betreten k\u00f6nnen. Als Moderator:in k\u00f6nnen Sie immer 30 Minuten vor Meetingstart beitreten.<\/li>\n\n\n\n<li><strong>Warteraum: <\/strong>Sie k\u00f6nnen den Warteraum an- oder ausschalten, indem Sie auf den Schalter klicken.<\/li>\n<\/ul>\n\n\n\n<p>Klicken Sie auf die Schaltfl\u00e4che <button class=\"av-button av-button--primary\">Meeting aktualisieren<\/button> , um die \u00c4nderungen zu speichern.<br>Alle Teilnehmerinnen und Teilnehmer, die mit einem personalisierten Gastlink bereits eingeladen wurden, erhalten eine E-Mail mit den aktualisierten Informationen zum Meeting.<\/p>\n\n\n\n<h2 class=\"wp-block-heading\" class=\"wp-block-heading\" id=\"teilnehmerinnen-und-teilnehmer-zu-ihrem-meeting-einladen\">Teilnehmerinnen und Teilnehmer zu Ihrem Meeting einladen<a href=\"#teilnehmerinnen-und-teilnehmer-zu-ihrem-meeting-einladen\" class=\"av-heading-anchor\"><i class=\"bi bi-link\"><\/i><\/a><\/h2>\n\n\n\n<h3 class=\"wp-block-heading\" class=\"wp-block-heading\" id=\"personalisierte-gastlinks\">Personalisierte Gastlinks<a href=\"#personalisierte-gastlinks\" class=\"av-heading-anchor\"><i class=\"bi bi-link\"><\/i><\/a><\/h3>\n\n\n<div class=\"wp-block-image\">\n<figure class=\"alignright size-full is-resized\"><a href=\"https:\/\/cp-prod-wordpress.alfa.sx\/wp-content\/uploads\/2024\/01\/edit-meeting-invitation-de.png\"><img loading=\"lazy\" decoding=\"async\" width=\"789\" height=\"836\" src=\"https:\/\/cp-prod-wordpress.alfa.sx\/wp-content\/uploads\/2024\/01\/edit-meeting-invitation-de.png\" alt=\"Screenshot des Fensters Meeting bearbeiten, der Reiter Einladungen ist ge\u00f6ffnet\" class=\"wp-image-2409\" style=\"width:250px\" srcset=\"https:\/\/cp-prod-wordpress.alfa.sx\/wp-content\/uploads\/2024\/01\/edit-meeting-invitation-de.png 789w, https:\/\/cp-prod-wordpress.alfa.sx\/wp-content\/uploads\/2024\/01\/edit-meeting-invitation-de-283x300.png 283w, https:\/\/cp-prod-wordpress.alfa.sx\/wp-content\/uploads\/2024\/01\/edit-meeting-invitation-de-768x814.png 768w\" sizes=\"auto, (max-width: 789px) 100vw, 789px\" \/><\/a><figcaption class=\"wp-element-caption\">Einladungen bearbeiten<\/figcaption><\/figure>\n<\/div>\n\n\n<p>Sie k\u00f6nnen im Reiter <strong>Einladungen <\/strong>personalisierte Einladungen f\u00fcr Ihr Meeting als Gastlinks versenden. Tragen Sie daf\u00fcr den Namen sowie die E-Mailadresse ein und w\u00e4hlen Sie eine Rolle in der Auswahlliste aus. Wenn Sie gleichzeitig mehrere Personen personalisiert einladen m\u00f6chten, k\u00f6nnen Sie auch eine CSV-Datei hochladen.<\/p>\n\n\n\n<p>Sobald Sie auf die Schaltfl\u00e4che <button class=\"av-button av-button--primary\">Meeting aktualisieren<\/button> klicken, erhalten bereits eingeladene und neu eingeladene Teilnehmende eine Mail mit den neuen Informationen zum Meeting.<\/p>\n\n\n\n<h3 class=\"wp-block-heading\" class=\"wp-block-heading\" id=\"gruppenlinks\">Gruppenlinks<a href=\"#gruppenlinks\" class=\"av-heading-anchor\"><i class=\"bi bi-link\"><\/i><\/a><\/h3>\n\n\n\n<p>Gruppenlinks erm\u00f6glichen es Ihnen, mehreren Personen mit derselben Rolle eine Einladung f\u00fcr Ihr Meeting zuzusenden, ohne jede Person einzeln einladen zu m\u00fcssen.<\/p>\n\n\n\n<p>Im Reiter <strong>Allgemein <\/strong>finden Sie im unteren Bereich die Gruppenlinks, die nach Nutzerrollen sortiert sind. Kopieren Sie einen Link mit der gew\u00fcnschten Berechtigung durch einen Klick auf die graue Schaltfl\u00e4che <button class=\"av-button av-button--default\">Link kopieren<\/button>. Sie k\u00f6nnen diesen Link nun \u00fcber Ihr bevorzugtes Kommunikationsmedium an Teilnehmerinnen und Teilnehmern versenden.<\/p>\n\n\n\n<p>Nach der Aktualisierung eines Meetings werden Ihnen erneut alle Gruppenlinks angezeigt. Bereits versendete Gruppenlinks behalten Ihre G\u00fcltigkeit und werden entsprechend der \u00c4nderungen aktualisiert.<\/p>\n\n\n\n<div class=\"wp-block-alfaview-callout\">\n<p><strong><strong>Hinweis: Sie m\u00fcssen Empf\u00e4ngerinnen und Empf\u00e4nger der Gruppenlinks eigenst\u00e4ndig auf die \u00c4nderungen des Meetings aufmerksam machen.<\/strong><\/strong><\/p>\n<\/div>\n","protected":false},"excerpt":{"rendered":"<p>Bearbeiten Sie Meetings, die noch nicht begonnen haben. Sie k\u00f6nnen den Titel, die Agenda, die Uhrzeit und die Dauer des Meetings anpassen.<br \/>\nAu\u00dferdem k\u00f6nnen Sie eine Einladung versenden oder den Einladungslink kopieren.<\/p>\n","protected":false},"author":3,"featured_media":0,"parent":828,"menu_order":5,"comment_status":"closed","ping_status":"closed","template":"","meta":{"footnotes":""},"class_list":["post-903","page","type-page","status-publish","hentry"],"_links":{"self":[{"href":"https:\/\/cp-prod-wordpress.alfa.sx\/de\/wp-json\/wp\/v2\/pages\/903","targetHints":{"allow":["GET"]}}],"collection":[{"href":"https:\/\/cp-prod-wordpress.alfa.sx\/de\/wp-json\/wp\/v2\/pages"}],"about":[{"href":"https:\/\/cp-prod-wordpress.alfa.sx\/de\/wp-json\/wp\/v2\/types\/page"}],"author":[{"embeddable":true,"href":"https:\/\/cp-prod-wordpress.alfa.sx\/de\/wp-json\/wp\/v2\/users\/3"}],"replies":[{"embeddable":true,"href":"https:\/\/cp-prod-wordpress.alfa.sx\/de\/wp-json\/wp\/v2\/comments?post=903"}],"version-history":[{"count":27,"href":"https:\/\/cp-prod-wordpress.alfa.sx\/de\/wp-json\/wp\/v2\/pages\/903\/revisions"}],"predecessor-version":[{"id":904,"href":"https:\/\/cp-prod-wordpress.alfa.sx\/de\/wp-json\/wp\/v2\/pages\/903\/revisions\/904"}],"up":[{"embeddable":true,"href":"https:\/\/cp-prod-wordpress.alfa.sx\/de\/wp-json\/wp\/v2\/pages\/828"}],"wp:attachment":[{"href":"https:\/\/cp-prod-wordpress.alfa.sx\/de\/wp-json\/wp\/v2\/media?parent=903"}],"curies":[{"name":"wp","href":"https:\/\/api.w.org\/{rel}","templated":true}]}}