{"id":917,"date":"2023-10-18T08:18:50","date_gmt":"2023-10-18T08:18:50","guid":{"rendered":"https:\/\/strange-sammet.82-165-59-152.plesk.page\/?page_id=917"},"modified":"2025-09-16T12:40:45","modified_gmt":"2025-09-16T12:40:45","slug":"participant-videos-and-presentation-area","status":"publish","type":"page","link":"https:\/\/cp-prod-wordpress.alfa.sx\/de\/alfaview-app\/alfaview-room\/participant-videos-and-presentation-area\/","title":{"rendered":"Teilnehmervideos und Pr\u00e4sentationsbereich"},"content":{"rendered":"\n<p>Die B\u00fchne in alfaview ist das zentrale Element f\u00fcr den Video- und Pr\u00e4sentationsbereich. Hier werden die Videos der Teilnehmenden sowie die Bildschirm\u00fcbertragungen und geteilte Inhalte angezeigt.<br>Die Teilnehmervideos werden entweder in der Galerieansicht oder der Sprecheransicht auf der B\u00fchne angezeigt. Wenn Inhalte im Pr\u00e4sentationsbereich geteilt werden, werden die Videos der Teilnehmenden verkleinert dargestellt.<\/p>\n\n\n\n<h2 class=\"wp-block-heading\" class=\"wp-block-heading\" id=\"teilnehmervideos\">Teilnehmervideos<a href=\"https:\/\/cp-prod-wordpress.alfa.sx\/de\/alfaview-app\/meeting-room\/participant-videos-and-presentation-area\/#videobereich\"><\/a><a href=\"#teilnehmervideos\" class=\"av-heading-anchor\"><i class=\"bi bi-link\"><\/i><\/a><\/h2>\n\n\n\n<p>Die Videos aller Teilnehmenden werden in einer laufenden Sitzung auf der B\u00fchne angezeigt.<\/p>\n\n\n\n<ul class=\"wp-block-list\">\n<li>Jedes Teilnehmervideo enth\u00e4lt den Namen des Teilnehmers bzw. der Teilnehmerin.<\/li>\n\n\n\n<li>Sobald die Teilnehmenden sprechen, erscheint ein blauer Rahmen um ihr Videobild.<\/li>\n\n\n\n<li>Wenn sich Teilnehmende im Pause-Modus befinden, wird anstelle des Videos das Tassen-Symbol angezeigt.<\/li>\n\n\n\n<li>Wenn Teilnehmende keine Kamera angeschlossen haben, wird anstelle des Videos ein Hinweis angezeigt, dass die Kamera ausgeschaltet ist.<\/li>\n<\/ul>\n\n\n\n<div class=\"wp-block-alfaview-callout\">\n<p>Die Videos der Teilnehmer:innen werden nach der Reihenfolge sortiert, in der sie den Raum betreten haben. Es ist m\u00f6glich, die Sortierung in den <a href=\"https:\/\/cp-prod-wordpress.alfa.sx\/de\/administration\/room-management\/room-features\/\">Raum-Features<\/a> auf eine alphabetische Reihenfolge umzustellen.<\/p>\n<\/div>\n\n\n\n<p>Sie k\u00f6nnen im Statusmen\u00fc unten links entscheiden, ob Sie die Galerieansicht oder die Sprecheransicht nutzen m\u00f6chten. Klicken Sie daf\u00fcr auf das jeweilige Symbol.<\/p>\n\n\n\n<h2 class=\"wp-block-heading\" class=\"wp-block-heading\" id=\"galerieansicht\">Galerieansicht<a href=\"https:\/\/cp-prod-wordpress.alfa.sx\/de\/alfaview-app\/meeting-room\/participant-videos-and-presentation-area\/#pr\u00e4sentationsbereich\"><\/a><a href=\"#galerieansicht\" class=\"av-heading-anchor\"><i class=\"bi bi-link\"><\/i><\/a><\/h2>\n\n\n<div class=\"wp-block-image\">\n<figure class=\"alignright size-large is-resized\"><a href=\"https:\/\/cp-prod-wordpress.alfa.sx\/wp-content\/uploads\/2024\/02\/gallery-view-1024x508.png\"><img loading=\"lazy\" decoding=\"async\" width=\"1024\" height=\"508\" src=\"https:\/\/cp-prod-wordpress.alfa.sx\/wp-content\/uploads\/2024\/02\/gallery-view-1024x508.png\" alt=\"Screenshot der alfaview-App: Teilnehmende werden in einem alfaview-Raum in der Galerieansicht angezeigt\" class=\"wp-image-2684\" style=\"width:250px\" srcset=\"https:\/\/cp-prod-wordpress.alfa.sx\/wp-content\/uploads\/2024\/02\/gallery-view-1024x508.png 1024w, https:\/\/cp-prod-wordpress.alfa.sx\/wp-content\/uploads\/2024\/02\/gallery-view-300x149.png 300w, https:\/\/cp-prod-wordpress.alfa.sx\/wp-content\/uploads\/2024\/02\/gallery-view-768x381.png 768w, https:\/\/cp-prod-wordpress.alfa.sx\/wp-content\/uploads\/2024\/02\/gallery-view-1536x761.png 1536w, https:\/\/cp-prod-wordpress.alfa.sx\/wp-content\/uploads\/2024\/02\/gallery-view.png 1858w\" sizes=\"auto, (max-width: 1024px) 100vw, 1024px\" \/><\/a><figcaption class=\"wp-element-caption\">Galerieansicht<\/figcaption><\/figure>\n<\/div>\n\n\n<div class=\"wp-block-columns is-not-stacked-on-mobile is-layout-flex wp-container-core-columns-is-layout-9d6595d7 wp-block-columns-is-layout-flex\">\n<div class=\"wp-block-column is-layout-flow wp-block-column-is-layout-flow\" style=\"flex-basis:50px\">\n<button class=\"wp-block-alfaview-button av-button-main-menu av-button-grey\" disabled aria-label=\"Gallerieansicht\"><i class=\"icon icon-ic_gallery_view_variant_24dp\"><\/i><\/button>\n<\/div>\n\n\n\n<div class=\"wp-block-column is-layout-flow wp-block-column-is-layout-flow\">\n<p>In der <strong>Galerieansicht<\/strong> werden die Videos der Teilnehmenden gleichm\u00e4\u00dfig auf der B\u00fchne verteilt. Hierbei haben Sie die M\u00f6glichkeit, alle Personen im Raum gleichzeitig anzuzeigen oder sie in Gruppen von 9, 25 oder 45 Personen pro Seite aufzuteilen. Die Gr\u00f6\u00dfe der Videobilder wird entsprechend der Anzahl der Teilnehmenden pro Seite angepasst. Die Videos von VIPs werden gr\u00f6\u00dfer dargestellt als die der anderen Teilnehmenden.<\/p>\n<\/div>\n<\/div>\n\n\n\n<h3 class=\"wp-block-heading\" class=\"wp-block-heading\" id=\"galerieansicht-waehrend-einer-bildschirmuebertragung\">Galerieansicht w\u00e4hrend einer Bildschirm\u00fcbertragung<a href=\"#galerieansicht-waehrend-einer-bildschirmuebertragung\" class=\"av-heading-anchor\"><i class=\"bi bi-link\"><\/i><\/a><\/h3>\n\n\n<div class=\"wp-block-image\">\n<figure class=\"alignright size-large is-resized\"><a href=\"https:\/\/cp-prod-wordpress.alfa.sx\/wp-content\/uploads\/2024\/02\/gallery-view-screen-share-de.png\"><img loading=\"lazy\" decoding=\"async\" width=\"1024\" height=\"508\" src=\"https:\/\/cp-prod-wordpress.alfa.sx\/wp-content\/uploads\/2024\/02\/gallery-view-screen-share-de-1024x508.png\" alt=\"Screenshot der alfaview-App: eine Bildschirm\u00fcbertragung l\u00e4uft, Teilnehmende werden in der Galerieansicht angezeigt\" class=\"wp-image-2682\" style=\"width:250px\" srcset=\"https:\/\/cp-prod-wordpress.alfa.sx\/wp-content\/uploads\/2024\/02\/gallery-view-screen-share-de-1024x508.png 1024w, https:\/\/cp-prod-wordpress.alfa.sx\/wp-content\/uploads\/2024\/02\/gallery-view-screen-share-de-300x149.png 300w, https:\/\/cp-prod-wordpress.alfa.sx\/wp-content\/uploads\/2024\/02\/gallery-view-screen-share-de-768x381.png 768w, https:\/\/cp-prod-wordpress.alfa.sx\/wp-content\/uploads\/2024\/02\/gallery-view-screen-share-de-1536x762.png 1536w, https:\/\/cp-prod-wordpress.alfa.sx\/wp-content\/uploads\/2024\/02\/gallery-view-screen-share-de.png 1857w\" sizes=\"auto, (max-width: 1024px) 100vw, 1024px\" \/><\/a><figcaption class=\"wp-element-caption\">Galerieansicht w\u00e4hrend einer Bildschirm\u00fcbertragung<\/figcaption><\/figure>\n<\/div>\n\n\n<p>Wenn eine Person eine Bildschirm\u00fcbertragung startet, wird diese in der Mitte der B\u00fchne angezeigt. Die Videos der Teilnehmenden werden links neben dem Pr\u00e4sentationsbereich angeordnet. Dabei werden Videos von VIPs gr\u00f6\u00dfer dargestellt.<\/p>\n\n\n\n<p>Wenn mehrere Inhalte geteilt werden, k\u00f6nnen Sie unterhalb des Pr\u00e4sentationsbereichs den Inhalt ausw\u00e4hlen, den Sie sich ansehen m\u00f6chten. Klicken Sie daf\u00fcr auf die kleine Vorschau des geteilten Inhalts.<\/p>\n\n\n\n<div class=\"wp-block-alfaview-callout\">\n<p>Weitere Informationen zur Bildschirm\u00fcbertragung oder zur Nutzung einer Zweitkamera zum Teilen von Inhalten finden Sie auf der Seite <a href=\"https:\/\/cp-prod-wordpress.alfa.sx\/de\/alfaview-app\/alfaview-room\/screen-and-audio-share\/\">Bildschirm- und Ton\u00fcbertragung<\/a>.<\/p>\n<\/div>\n\n\n\n<h2 class=\"wp-block-heading\" class=\"wp-block-heading\" id=\"sprecheransicht\">Sprecheransicht<a href=\"#sprecheransicht\" class=\"av-heading-anchor\"><i class=\"bi bi-link\"><\/i><\/a><\/h2>\n\n\n<div class=\"wp-block-image\">\n<figure class=\"alignright size-large is-resized\"><a href=\"https:\/\/cp-prod-wordpress.alfa.sx\/wp-content\/uploads\/2024\/02\/speaker-view-1024x504.png\"><img loading=\"lazy\" decoding=\"async\" width=\"1024\" height=\"504\" src=\"https:\/\/cp-prod-wordpress.alfa.sx\/wp-content\/uploads\/2024\/02\/speaker-view-1024x504.png\" alt=\"Screenshot der alfaview-App: Teilnehmende werden in der Sprecheransicht angezeigt\" class=\"wp-image-2678\" style=\"width:250px\" srcset=\"https:\/\/cp-prod-wordpress.alfa.sx\/wp-content\/uploads\/2024\/02\/speaker-view-1024x504.png 1024w, https:\/\/cp-prod-wordpress.alfa.sx\/wp-content\/uploads\/2024\/02\/speaker-view-300x148.png 300w, https:\/\/cp-prod-wordpress.alfa.sx\/wp-content\/uploads\/2024\/02\/speaker-view-768x378.png 768w, https:\/\/cp-prod-wordpress.alfa.sx\/wp-content\/uploads\/2024\/02\/speaker-view-1536x756.png 1536w, https:\/\/cp-prod-wordpress.alfa.sx\/wp-content\/uploads\/2024\/02\/speaker-view.png 1862w\" sizes=\"auto, (max-width: 1024px) 100vw, 1024px\" \/><\/a><figcaption class=\"wp-element-caption\">Sprecheransicht<\/figcaption><\/figure>\n<\/div>\n\n\n<div class=\"wp-block-columns is-not-stacked-on-mobile is-layout-flex wp-container-core-columns-is-layout-9d6595d7 wp-block-columns-is-layout-flex\">\n<div class=\"wp-block-column is-layout-flow wp-block-column-is-layout-flow\" style=\"flex-basis:50px\">\n<button class=\"wp-block-alfaview-button av-button-main-menu av-button-grey\" disabled aria-label=\"Sprecheransicht\"><i class=\"icon icon-ic_speaker_view_variant_24dp\"><\/i><\/button>\n<\/div>\n\n\n\n<div class=\"wp-block-column is-layout-flow wp-block-column-is-layout-flow\">\n<p>In der <strong>Sprecheransicht<\/strong> wird die sprechende Person immer in der Mitte der B\u00fchne als gro\u00dfes Video dargestellt. Die Videos der anderen Teilnehmenden werden am unteren Rand der B\u00fchne in einer Reihe angezeigt.<br>Wenn Teilnehmende als VIPs markiert sind, werden sie als gro\u00dfes Video in der Sprecheransicht angezeigt.<\/p>\n\n\n\n<div style=\"height:1px\" aria-hidden=\"true\" class=\"wp-block-spacer\"><\/div>\n<\/div>\n<\/div>\n\n\n\n<div class=\"wp-block-alfaview-callout\">\n<div class=\"wp-block-columns is-layout-flex wp-container-core-columns-is-layout-9d6595d7 wp-block-columns-is-layout-flex\">\n<div class=\"wp-block-column is-layout-flow wp-block-column-is-layout-flow\" style=\"flex-basis:50px\">\n<button class=\"wp-block-alfaview-button av-button-main-menu av-button-grey\" disabled aria-label=\"Video an Anfang setzen\"><i class=\"icon icon-ic_looks_one_24dp\"><\/i><\/button>\n<\/div>\n\n\n\n<div class=\"wp-block-column is-layout-flow wp-block-column-is-layout-flow\">\n<p>Mit der <a href=\"https:\/\/cp-prod-wordpress.alfa.sx\/de\/alfaview-app\/alfaview-room\/primary-and-secondary-controls\/settings\/#feature-einstellungen\">Feature-Einstellung<\/a> <strong>Das eigene Videobild an den Anfang setzen<\/strong> k\u00f6nnen Sie Ihr eigenes Videobild als erstes Video in der Liste der Teilnehmervideos anzeigen lassen. Diese Einstellung wirkt sich nur auf Ihre eigene Ansicht aus, nicht auf die der anderen Teilnehmenden.<\/p>\n<\/div>\n<\/div>\n<\/div>\n\n\n\n<h3 class=\"wp-block-heading\" class=\"wp-block-heading\" id=\"sprecheransicht-waehrend-einer-bildschirmuebertragung\">Sprecheransicht w\u00e4hrend einer Bildschirm\u00fcbertragung<a href=\"#sprecheransicht-waehrend-einer-bildschirmuebertragung\" class=\"av-heading-anchor\"><i class=\"bi bi-link\"><\/i><\/a><\/h3>\n\n\n<div class=\"wp-block-image\">\n<figure class=\"alignright size-large is-resized\"><a href=\"https:\/\/cp-prod-wordpress.alfa.sx\/wp-content\/uploads\/2024\/02\/speaker-view-screen-share-de.png\"><img loading=\"lazy\" decoding=\"async\" width=\"1024\" height=\"508\" src=\"https:\/\/cp-prod-wordpress.alfa.sx\/wp-content\/uploads\/2024\/02\/speaker-view-screen-share-de-1024x508.png\" alt=\"Screenshot der alfaview-App: eine Bildschirm\u00fcbertragung l\u00e4uft, Teilnehmende werden in der Sprecheransicht angezeigt\" class=\"wp-image-2680\" style=\"width:250px\" srcset=\"https:\/\/cp-prod-wordpress.alfa.sx\/wp-content\/uploads\/2024\/02\/speaker-view-screen-share-de-1024x508.png 1024w, https:\/\/cp-prod-wordpress.alfa.sx\/wp-content\/uploads\/2024\/02\/speaker-view-screen-share-de-300x149.png 300w, https:\/\/cp-prod-wordpress.alfa.sx\/wp-content\/uploads\/2024\/02\/speaker-view-screen-share-de-768x381.png 768w, https:\/\/cp-prod-wordpress.alfa.sx\/wp-content\/uploads\/2024\/02\/speaker-view-screen-share-de-1536x761.png 1536w, https:\/\/cp-prod-wordpress.alfa.sx\/wp-content\/uploads\/2024\/02\/speaker-view-screen-share-de.png 1864w\" sizes=\"auto, (max-width: 1024px) 100vw, 1024px\" \/><\/a><figcaption class=\"wp-element-caption\">Sprecheransicht w\u00e4hrend einer Bildschirm\u00fcbertragung<\/figcaption><\/figure>\n<\/div>\n\n\n<p>Wenn eine Person eine Bildschirm\u00fcbertragung startet, wird die sprechende Person neben dem geteilten Inhalt im Pr\u00e4sentationsbereich als gr\u00f6\u00dferes Video angezeigt. Die Videos aller anderen Teilnehmenden werden wie zuvor am unteren Rand der B\u00fchne in einer Reihe angezeigt.<\/p>\n\n\n\n<p>Wenn mehrere Personen gleichzeitig Inhalte teilen, werden diese Inhalte unterhalb des Videos der sprechenden Person in einer Liste angezeigt. Klicken Sie auf den Inhalt, den Sie sich anzeigen lassen m\u00f6chten.<\/p>\n\n\n\n<div class=\"wp-block-alfaview-callout\">\n<p>Weitere Informationen zur Bildschirm\u00fcbertragung oder zur Nutzung einer Zweitkamera zum Teilen von Inhalten finden Sie auf der Seite <a href=\"https:\/\/cp-prod-wordpress.alfa.sx\/de\/alfaview-app\/alfaview-room\/primary-and-secondary-controls\/screen-and-audio-share\/\">Bildschirm- und Ton\u00fcbertragung<\/a>.<\/p>\n<\/div>\n","protected":false},"excerpt":{"rendered":"<p>Machen Sie sich mit der Benutzeroberfl\u00e4che vertraut und erfahren Sie, wie Sie zwischen Lautsprecher- und Galerieansicht wechseln k\u00f6nnen.<\/p>\n","protected":false},"author":2,"featured_media":0,"parent":641,"menu_order":0,"comment_status":"closed","ping_status":"closed","template":"","meta":{"footnotes":""},"class_list":["post-917","page","type-page","status-publish","hentry"],"_links":{"self":[{"href":"https:\/\/cp-prod-wordpress.alfa.sx\/de\/wp-json\/wp\/v2\/pages\/917","targetHints":{"allow":["GET"]}}],"collection":[{"href":"https:\/\/cp-prod-wordpress.alfa.sx\/de\/wp-json\/wp\/v2\/pages"}],"about":[{"href":"https:\/\/cp-prod-wordpress.alfa.sx\/de\/wp-json\/wp\/v2\/types\/page"}],"author":[{"embeddable":true,"href":"https:\/\/cp-prod-wordpress.alfa.sx\/de\/wp-json\/wp\/v2\/users\/2"}],"replies":[{"embeddable":true,"href":"https:\/\/cp-prod-wordpress.alfa.sx\/de\/wp-json\/wp\/v2\/comments?post=917"}],"version-history":[{"count":25,"href":"https:\/\/cp-prod-wordpress.alfa.sx\/de\/wp-json\/wp\/v2\/pages\/917\/revisions"}],"predecessor-version":[{"id":922,"href":"https:\/\/cp-prod-wordpress.alfa.sx\/de\/wp-json\/wp\/v2\/pages\/917\/revisions\/922"}],"up":[{"embeddable":true,"href":"https:\/\/cp-prod-wordpress.alfa.sx\/de\/wp-json\/wp\/v2\/pages\/641"}],"wp:attachment":[{"href":"https:\/\/cp-prod-wordpress.alfa.sx\/de\/wp-json\/wp\/v2\/media?parent=917"}],"curies":[{"name":"wp","href":"https:\/\/api.w.org\/{rel}","templated":true}]}}