{"id":925,"date":"2023-10-18T08:17:54","date_gmt":"2023-10-18T08:17:54","guid":{"rendered":"https:\/\/strange-sammet.82-165-59-152.plesk.page\/?page_id=925"},"modified":"2025-04-10T13:24:03","modified_gmt":"2025-04-10T13:24:03","slug":"cancel-meeting","status":"publish","type":"page","link":"https:\/\/cp-prod-wordpress.alfa.sx\/de\/administration\/meetings\/cancel-meeting\/","title":{"rendered":"Meeting absagen"},"content":{"rendered":"<div class=\"wp-block-image\">\n<figure class=\"alignright size-full is-resized\"><a href=\"https:\/\/cp-prod-wordpress.alfa.sx\/wp-content\/uploads\/2024\/01\/cancel-meeting-de.png\"><img loading=\"lazy\" decoding=\"async\" width=\"682\" height=\"750\" src=\"https:\/\/cp-prod-wordpress.alfa.sx\/wp-content\/uploads\/2024\/01\/cancel-meeting-de.png\" alt=\"Screenshot des Fensters Meeting bearbeiten mit ge\u00f6ffnetem Reiter Allgemein\" class=\"wp-image-2425\" style=\"width:250px\" srcset=\"https:\/\/cp-prod-wordpress.alfa.sx\/wp-content\/uploads\/2024\/01\/cancel-meeting-de.png 682w, https:\/\/cp-prod-wordpress.alfa.sx\/wp-content\/uploads\/2024\/01\/cancel-meeting-de-273x300.png 273w\" sizes=\"auto, (max-width: 682px) 100vw, 682px\" \/><\/a><figcaption class=\"wp-element-caption\">Meeting absagen<\/figcaption><\/figure>\n<\/div>\n\n\n<p>Um ein Meeting abzusagen, klicken Sie auf das Kontextmen\u00fc\u00a0<img loading=\"lazy\" decoding=\"async\" width=\"20\" height=\"20\" class=\"wp-image-2122\" style=\"width: 20px;\" src=\"https:\/\/cp-prod-wordpress.alfa.sx\/wp-content\/uploads\/2023\/12\/dots.png\" alt=\"Symbol Kontextmen\u00fc\">\u00a0neben dem Meeting in der Raumliste und w\u00e4hlen Sie\u00a0<strong>Meeting bearbeiten<\/strong>. Durch einen Klick auf <button class=\"av-button av-button--error\">Meeting absagen<\/button> wird Ihr Meeting gel\u00f6scht und alle eingetragenen Teilnehmer:innen werden per E-Mail \u00fcber die Absage informiert.<\/p>\n\n\n\n<div class=\"wp-block-alfaview-callout\">\n<p>Bitte beachten Sie, dass Sie Teilnehmer:innen, die nicht \u00fcber die alfaview-Verwaltung eingeladen wurden, selbst \u00fcber die Absage des Meetings informieren m\u00fcssen.<\/p>\n<\/div>\n","protected":false},"excerpt":{"rendered":"<p>Sagen Sie Meetings ab, die noch nicht begonnen haben.<br \/>\nAlle Personen, die \u00fcber die Verwaltungsoberfl\u00e4che eingeladen wurden, k\u00f6nnen \u00fcber eine automatisch generierte E-Mail \u00fcber die Absage informiert werden.<\/p>\n","protected":false},"author":3,"featured_media":0,"parent":828,"menu_order":10,"comment_status":"closed","ping_status":"closed","template":"","meta":{"footnotes":""},"class_list":["post-925","page","type-page","status-publish","hentry"],"_links":{"self":[{"href":"https:\/\/cp-prod-wordpress.alfa.sx\/de\/wp-json\/wp\/v2\/pages\/925","targetHints":{"allow":["GET"]}}],"collection":[{"href":"https:\/\/cp-prod-wordpress.alfa.sx\/de\/wp-json\/wp\/v2\/pages"}],"about":[{"href":"https:\/\/cp-prod-wordpress.alfa.sx\/de\/wp-json\/wp\/v2\/types\/page"}],"author":[{"embeddable":true,"href":"https:\/\/cp-prod-wordpress.alfa.sx\/de\/wp-json\/wp\/v2\/users\/3"}],"replies":[{"embeddable":true,"href":"https:\/\/cp-prod-wordpress.alfa.sx\/de\/wp-json\/wp\/v2\/comments?post=925"}],"version-history":[{"count":11,"href":"https:\/\/cp-prod-wordpress.alfa.sx\/de\/wp-json\/wp\/v2\/pages\/925\/revisions"}],"predecessor-version":[{"id":930,"href":"https:\/\/cp-prod-wordpress.alfa.sx\/de\/wp-json\/wp\/v2\/pages\/925\/revisions\/930"}],"up":[{"embeddable":true,"href":"https:\/\/cp-prod-wordpress.alfa.sx\/de\/wp-json\/wp\/v2\/pages\/828"}],"wp:attachment":[{"href":"https:\/\/cp-prod-wordpress.alfa.sx\/de\/wp-json\/wp\/v2\/media?parent=925"}],"curies":[{"name":"wp","href":"https:\/\/api.w.org\/{rel}","templated":true}]}}