{"id":933,"date":"2023-10-18T08:24:54","date_gmt":"2023-10-18T08:24:54","guid":{"rendered":"https:\/\/strange-sammet.82-165-59-152.plesk.page\/?page_id=933"},"modified":"2025-06-04T08:22:53","modified_gmt":"2025-06-04T08:22:53","slug":"participant-list-and-breakout-groups","status":"publish","type":"page","link":"https:\/\/cp-prod-wordpress.alfa.sx\/de\/alfaview-app\/alfaview-room\/primary-and-secondary-controls\/participant-list-and-breakout-groups\/","title":{"rendered":"Teilnehmerliste und Untergruppen"},"content":{"rendered":"\n<div class=\"wp-block-columns is-not-stacked-on-mobile is-layout-flex wp-container-core-columns-is-layout-9d6595d7 wp-block-columns-is-layout-flex\">\n<div class=\"wp-block-column is-layout-flow wp-block-column-is-layout-flow\" style=\"flex-basis:50px\">\n<button class=\"wp-block-alfaview-button av-button-main-menu av-button-grey\" disabled aria-label=\"Teilnehmerliste\"><i class=\"icon icon-ic_people_24dp\"><\/i><\/button>\n<\/div>\n\n\n\n<div class=\"wp-block-column is-layout-flow wp-block-column-is-layout-flow\">\n<p>In der Teilnehmerliste werden Ihnen alle Teilnehmenden angezeigt, die sich derzeit im Hauptraum oder in einer der Gruppen befinden. Die Gruppen erm\u00f6glichen es den Teilnehmenden, pers\u00f6nliche Gespr\u00e4che zu f\u00fchren oder gemeinsam Inhalte in Gruppenarbeiten zu erarbeiten, ohne den alfaview-Raum zu verlassen.<\/p>\n<\/div>\n<\/div>\n\n\n<div class=\"wp-block-image\">\n<figure class=\"alignright size-full is-resized\"><a href=\"https:\/\/cp-prod-wordpress.alfa.sx\/wp-content\/uploads\/2023\/10\/userlist-de.png\"><img loading=\"lazy\" decoding=\"async\" width=\"335\" height=\"657\" src=\"https:\/\/cp-prod-wordpress.alfa.sx\/wp-content\/uploads\/2023\/10\/userlist-de.png\" alt=\"Screenshot der Teilnehmerliste in der alfaview-App\" class=\"wp-image-927\" style=\"width:250px\" srcset=\"https:\/\/cp-prod-wordpress.alfa.sx\/wp-content\/uploads\/2023\/10\/userlist-de.png 335w, https:\/\/cp-prod-wordpress.alfa.sx\/wp-content\/uploads\/2023\/10\/userlist-de-153x300.png 153w\" sizes=\"auto, (max-width: 335px) 100vw, 335px\" \/><\/a><figcaption class=\"wp-element-caption\">Die Teilnehmerliste<\/figcaption><\/figure>\n<\/div>\n\n\n<ul class=\"wp-block-list\">\n<li>Klicken Sie auf das Symbol <img loading=\"lazy\" decoding=\"async\" width=\"20\" height=\"20\" class=\"wp-image-2100\" style=\"width: 20px;\" src=\"https:\/\/cp-prod-wordpress.alfa.sx\/wp-content\/uploads\/2023\/12\/icon-participants.png\" alt=\"Teilnehmerliste Symbol\"> <strong>Teilnehmerliste<\/strong> im Funktionsmen\u00fc oben rechts, um die Teilnehmerliste anzuzeigen. Sie k\u00f6nnen hier sehen, welche Teilnehmenden sich in den jeweiligen R\u00e4umen befinden.<\/li>\n\n\n\n<li>Suchen Sie in der Liste die Gruppe, in die Sie wechseln m\u00f6chten.<\/li>\n\n\n\n<li>Klicken Sie neben dem Namen der Gruppe auf die Schaltfl\u00e4che <button class=\"av-button av-button--primary\">Betreten<\/button>.<\/li>\n<\/ul>\n\n\n\n<p>Sie k\u00f6nnen \u00fcber die Teilnehmerliste Kurznachrichten an andere Teilnehmende versenden. Genauere Informationen zu dieser Funktion finden Sie auf der Seite <a href=\"\/de\/alfaview-app\/alfaview-room\/chat-messages\/\">Chat-Nachrichten<\/a>.<\/p>\n\n\n\n<h2 class=\"wp-block-heading\" class=\"wp-block-heading\" id=\"personen-suchen\">Personen suchen<a href=\"#personen-suchen\" class=\"av-heading-anchor\"><i class=\"bi bi-link\"><\/i><\/a><\/h2>\n\n\n\n<p>Sie k\u00f6nnen auch Personen suchen. Klicken Sie daf\u00fcr auf das Symbol <img loading=\"lazy\" decoding=\"async\" width=\"35\" height=\"29\" class=\"wp-image-708\" style=\"width: 35px;\" src=\"https:\/\/cp-prod-wordpress.alfa.sx\/wp-content\/uploads\/2023\/10\/icon-search.png\" alt=\"Suchen Symbol\"> <strong>Suchen<\/strong> im Statusmen\u00fc unten links, um das Suchfeld zu \u00f6ffnen.<\/p>\n\n\n\n<h2 class=\"wp-block-heading\" class=\"wp-block-heading\" id=\"zusaetzliche-funktionen\">Zus\u00e4tzliche Funktionen<a href=\"#zusaetzliche-funktionen\" class=\"av-heading-anchor\"><i class=\"bi bi-link\"><\/i><\/a><\/h2>\n\n\n\n<p>Die Teilnehmerliste bietet Administrator:innen zus\u00e4tzliche Funktionen wie die Verwaltung von Gruppen- und Gastlinks oder das Senden von Direktnachrichten an Gruppen.<br>Weitere Informationen zu den zus\u00e4tzlichen Funktionen finden Sie auf der Seite <a href=\"\/de\/alfaview-app\/alfaview-room\/room-admin-controls\/\">Administrationsfunktionen<\/a>.<\/p>\n\n\n\n<p>Auch Moderator:innen stehen zus\u00e4tzliche Funktionen zur Verwaltung der Teilnehmenden im alfaview-Raum zur Verf\u00fcgung. Weitere Informationen finden Sie auf der Seite <a href=\"\/de\/alfaview-app\/alfaview-room\/moderator-controls\/\">Moderationsfunktionen<\/a>.<\/p>\n\n\n\n<h2 class=\"wp-block-heading\" class=\"wp-block-heading\" id=\"warteraum\">Warteraum<a href=\"#warteraum\" class=\"av-heading-anchor\"><i class=\"bi bi-link\"><\/i><\/a><\/h2>\n\n\n\n<p>Als Administrator:in oder Moderator:in eines alfaview-Raums k\u00f6nnen Sie in der Teilnehmerliste den Warteraum verwalten.<br>Sie finden alle Informationen zu dieser Funktion auf der Seite <a href=\"https:\/\/cp-prod-wordpress.alfa.sx\/de\/alfaview-app\/alfaview-room\/primary-and-secondary-controls\/participant-list-and-breakout-groups\/waiting-room\/\">Warteraum<\/a>.<\/p>\n","protected":false},"excerpt":{"rendered":"<p>Wie funktioniert der Warteraum und wie finde ich andere Teilnehmende?<br \/>\nHier erfahren Sie alles \u00fcber die Teilnehmerliste.<\/p>\n","protected":false},"author":2,"featured_media":0,"parent":715,"menu_order":5,"comment_status":"closed","ping_status":"closed","template":"","meta":{"footnotes":""},"class_list":["post-933","page","type-page","status-publish","hentry"],"_links":{"self":[{"href":"https:\/\/cp-prod-wordpress.alfa.sx\/de\/wp-json\/wp\/v2\/pages\/933","targetHints":{"allow":["GET"]}}],"collection":[{"href":"https:\/\/cp-prod-wordpress.alfa.sx\/de\/wp-json\/wp\/v2\/pages"}],"about":[{"href":"https:\/\/cp-prod-wordpress.alfa.sx\/de\/wp-json\/wp\/v2\/types\/page"}],"author":[{"embeddable":true,"href":"https:\/\/cp-prod-wordpress.alfa.sx\/de\/wp-json\/wp\/v2\/users\/2"}],"replies":[{"embeddable":true,"href":"https:\/\/cp-prod-wordpress.alfa.sx\/de\/wp-json\/wp\/v2\/comments?post=933"}],"version-history":[{"count":20,"href":"https:\/\/cp-prod-wordpress.alfa.sx\/de\/wp-json\/wp\/v2\/pages\/933\/revisions"}],"predecessor-version":[{"id":935,"href":"https:\/\/cp-prod-wordpress.alfa.sx\/de\/wp-json\/wp\/v2\/pages\/933\/revisions\/935"}],"up":[{"embeddable":true,"href":"https:\/\/cp-prod-wordpress.alfa.sx\/de\/wp-json\/wp\/v2\/pages\/715"}],"wp:attachment":[{"href":"https:\/\/cp-prod-wordpress.alfa.sx\/de\/wp-json\/wp\/v2\/media?parent=933"}],"curies":[{"name":"wp","href":"https:\/\/api.w.org\/{rel}","templated":true}]}}