{"id":938,"date":"2023-10-18T08:28:39","date_gmt":"2023-10-18T08:28:39","guid":{"rendered":"https:\/\/strange-sammet.82-165-59-152.plesk.page\/?page_id=938"},"modified":"2025-03-18T11:09:17","modified_gmt":"2025-03-18T11:09:17","slug":"room-management","status":"publish","type":"page","link":"https:\/\/cp-prod-wordpress.alfa.sx\/de\/administration\/room-management\/","title":{"rendered":"R\u00e4ume"},"content":{"rendered":"","protected":false},"excerpt":{"rendered":"<p>Erstellen, bearbeiten oder l\u00f6schen Sie R\u00e4ume und verwalten Sie die Raum-Features, um die R\u00e4ume zu personalisieren.<br \/>\nHier k\u00f6nnen Sie auch Gast- und Gruppenlinks erstellen und verwalten.<\/p>\n","protected":false},"author":3,"featured_media":0,"parent":462,"menu_order":10,"comment_status":"closed","ping_status":"closed","template":"page-category.php","meta":{"footnotes":""},"class_list":["post-938","page","type-page","status-publish","hentry"],"_links":{"self":[{"href":"https:\/\/cp-prod-wordpress.alfa.sx\/de\/wp-json\/wp\/v2\/pages\/938","targetHints":{"allow":["GET"]}}],"collection":[{"href":"https:\/\/cp-prod-wordpress.alfa.sx\/de\/wp-json\/wp\/v2\/pages"}],"about":[{"href":"https:\/\/cp-prod-wordpress.alfa.sx\/de\/wp-json\/wp\/v2\/types\/page"}],"author":[{"embeddable":true,"href":"https:\/\/cp-prod-wordpress.alfa.sx\/de\/wp-json\/wp\/v2\/users\/3"}],"replies":[{"embeddable":true,"href":"https:\/\/cp-prod-wordpress.alfa.sx\/de\/wp-json\/wp\/v2\/comments?post=938"}],"version-history":[{"count":3,"href":"https:\/\/cp-prod-wordpress.alfa.sx\/de\/wp-json\/wp\/v2\/pages\/938\/revisions"}],"predecessor-version":[{"id":941,"href":"https:\/\/cp-prod-wordpress.alfa.sx\/de\/wp-json\/wp\/v2\/pages\/938\/revisions\/941"}],"up":[{"embeddable":true,"href":"https:\/\/cp-prod-wordpress.alfa.sx\/de\/wp-json\/wp\/v2\/pages\/462"}],"wp:attachment":[{"href":"https:\/\/cp-prod-wordpress.alfa.sx\/de\/wp-json\/wp\/v2\/media?parent=938"}],"curies":[{"name":"wp","href":"https:\/\/api.w.org\/{rel}","templated":true}]}}