{"id":991,"date":"2023-10-23T06:41:47","date_gmt":"2023-10-23T06:41:47","guid":{"rendered":"https:\/\/strange-sammet.82-165-59-152.plesk.page\/?page_id=991"},"modified":"2025-06-05T14:57:27","modified_gmt":"2025-06-05T14:57:27","slug":"chat-messages","status":"publish","type":"page","link":"https:\/\/cp-prod-wordpress.alfa.sx\/de\/alfaview-app\/alfaview-room\/primary-and-secondary-controls\/chat-messages\/","title":{"rendered":"Chat-Nachrichten"},"content":{"rendered":"\n<div class=\"wp-block-columns is-not-stacked-on-mobile is-layout-flex wp-container-core-columns-is-layout-9d6595d7 wp-block-columns-is-layout-flex\">\n<div class=\"wp-block-column is-layout-flow wp-block-column-is-layout-flow\" style=\"flex-basis:50px\">\n<button class=\"wp-block-alfaview-button av-button-main-menu av-button-grey\" disabled><i class=\"icon icon-ic_chat_24dp\"><\/i><\/button>\n<\/div>\n\n\n\n<div class=\"wp-block-column is-layout-flow wp-block-column-is-layout-flow\">\n<p>Klicken Sie auf das Symbol <strong>Gruppenchat<\/strong> im Funktionsmen\u00fc, um die Nachrichten anzuzeigen.<\/p>\n<\/div>\n<\/div>\n\n\n<div class=\"wp-block-image\">\n<figure class=\"alignright size-full is-resized\"><a href=\"https:\/\/cp-prod-wordpress.alfa.sx\/wp-content\/uploads\/2023\/10\/chat-de.png\"><img loading=\"lazy\" decoding=\"async\" width=\"541\" height=\"463\" src=\"https:\/\/cp-prod-wordpress.alfa.sx\/wp-content\/uploads\/2023\/10\/chat-de.png\" alt=\"Der Reiter Gruppenchat im Funktionsmen\u00fc der alfaview-App ist ge\u00f6ffnet. Im Chat sind keine Nachrichten.\" class=\"wp-image-963\" style=\"width:250px\" srcset=\"https:\/\/cp-prod-wordpress.alfa.sx\/wp-content\/uploads\/2023\/10\/chat-de.png 541w, https:\/\/cp-prod-wordpress.alfa.sx\/wp-content\/uploads\/2023\/10\/chat-de-300x257.png 300w\" sizes=\"auto, (max-width: 541px) 100vw, 541px\" \/><\/a><figcaption class=\"wp-element-caption\">Die Nachrichtenleiste<\/figcaption><\/figure>\n<\/div>\n\n\n<ul class=\"wp-block-list\">\n<li>Verfassen Sie eine Nachricht im Eingabefeld am unteren Rand der Seitenleiste.<\/li>\n\n\n\n<li>Dr\u00fccken Sie die Enter-Taste, um die Nachricht zu versenden. Alternativ k\u00f6nnen Sie auch auf das Symbol <strong>Senden<\/strong> neben dem Eingabefeld klicken.<\/li>\n\n\n\n<li>Neue Nachrichten werden durch einen roten Punkt neben dem Symbol <img loading=\"lazy\" decoding=\"async\" width=\"20\" height=\"20\" class=\"wp-image-690\" style=\"width: 20px;\" src=\"https:\/\/cp-prod-wordpress.alfa.sx\/wp-content\/uploads\/2023\/10\/icon-chat.png\" alt=\"\"> <strong>Gruppenchat<\/strong> im Funktionsmen\u00fc angedeutet.<\/li>\n\n\n\n<li>Nachrichten sind f\u00fcr alle Teilnehmenden eines alfaview-Raums inklusive der Untergruppen sichtbar.<\/li>\n\n\n\n<li>Teilnehmende, die den alfaview-Raum neu betreten, sehen keine Nachrichtenhistorie.<\/li>\n<\/ul>\n\n\n\n<h2 class=\"wp-block-heading\" class=\"wp-block-heading\" id=\"nachrichtenverlauf-kopieren\">Nachrichtenverlauf kopieren<a href=\"https:\/\/cp-prod-wordpress.alfa.sx\/de\/alfaview-app\/meeting-room\/chat-messages\/#nachrichtenverlauf-kopieren\"><\/a><a href=\"#nachrichtenverlauf-kopieren\" class=\"av-heading-anchor\"><i class=\"bi bi-link\"><\/i><\/a><\/h2>\n\n\n\n<p>Mit einem Rechtsklick auf den Hintergrund der Gruppennachrichten \u00f6ffnet sich der Men\u00fcpunkt <em>Chatverlauf kopieren<\/em>. Damit wird der Chatverlauf in die Zwischenablage kopiert und kann in beliebiger Drittanbietersoftware eingef\u00fcgt werden.<\/p>\n\n\n\n<h2 class=\"wp-block-heading\" class=\"wp-block-heading\" id=\"kurznachricht-schreiben\">Kurznachricht schreiben<a href=\"https:\/\/cp-prod-wordpress.alfa.sx\/de\/alfaview-app\/meeting-room\/chat-messages\/#kurznachricht-schreiben\"><\/a><a href=\"#kurznachricht-schreiben\" class=\"av-heading-anchor\"><i class=\"bi bi-link\"><\/i><\/a><\/h2>\n\n\n<div class=\"wp-block-image\">\n<figure class=\"alignright size-full is-resized\"><a href=\"https:\/\/cp-prod-wordpress.alfa.sx\/wp-content\/uploads\/2023\/10\/write-short-msg-de.png\"><img loading=\"lazy\" decoding=\"async\" width=\"330\" height=\"193\" src=\"https:\/\/cp-prod-wordpress.alfa.sx\/wp-content\/uploads\/2023\/10\/write-short-msg-de.png\" alt=\"Das Kontextmen\u00fc einer Person wurde \u00fcber die Teilnehmerliste ge\u00f6ffnet. Die Funktion &quot;Kurznachricht schreiben&quot; ist bei ausgew\u00e4hlter Person hervorgehoben.\" class=\"wp-image-965\" style=\"width:250px\" srcset=\"https:\/\/cp-prod-wordpress.alfa.sx\/wp-content\/uploads\/2023\/10\/write-short-msg-de.png 330w, https:\/\/cp-prod-wordpress.alfa.sx\/wp-content\/uploads\/2023\/10\/write-short-msg-de-300x175.png 300w\" sizes=\"auto, (max-width: 330px) 100vw, 330px\" \/><\/a><figcaption class=\"wp-element-caption\">Kurznachricht schreiben<\/figcaption><\/figure>\n<\/div>\n\n\n<p>Mit der Funktion <em>Kurznachricht schreiben<\/em> werden Nachrichten direkt an andere Teilnehmende gesendet und k\u00f6nnen nur von diesen gesehen werden.<\/p>\n\n\n\n<ul class=\"wp-block-list\">\n<li>Zum Senden einer Kurznachricht \u00f6ffnen Sie zun\u00e4chst die Teilnehmerliste <img loading=\"lazy\" decoding=\"async\" width=\"20\" height=\"20\" class=\"wp-image-2100\" style=\"width: 20px;\" src=\"https:\/\/cp-prod-wordpress.alfa.sx\/wp-content\/uploads\/2023\/12\/icon-participants.png\" alt=\"\">.<\/li>\n\n\n\n<li>Bewegen Sie die Maus \u00fcber den Namen der Person, der Sie eine Nachricht senden m\u00f6chten.<\/li>\n\n\n\n<li>Klicken Sie auf das Kontextmen\u00fc <img loading=\"lazy\" decoding=\"async\" width=\"20\" height=\"20\" class=\"wp-image-2122\" style=\"width: 20px;\" src=\"https:\/\/cp-prod-wordpress.alfa.sx\/wp-content\/uploads\/2023\/12\/dots.png\" alt=\"\"> oder klicken Sie mit der rechten Maustaste auf den Teilnehmer oder die Teilnehmerin.<\/li>\n\n\n\n<li>W\u00e4hlen Sie nun <em>Kurznachricht schreiben<\/em>.<\/li>\n\n\n\n<li>Es \u00f6ffnet sich eine Textbox, in der Sie Ihre Nachricht verfassen k\u00f6nnen.<\/li>\n\n\n\n<li>Klicken Sie anschlie\u00dfend auf die Schaltfl\u00e4che <button class=\"av-button av-button--primary\">Senden<\/button>, um die Nachricht abzuschicken.<\/li>\n<\/ul>\n\n\n\n<div class=\"wp-block-alfaview-callout\">\n<p>Kurznachrichten stehen erst ab der alfaview Version 8.18.1 zur Verf\u00fcgung. Sollten Sie noch eine \u00e4ltere Version installiert haben, k\u00f6nnen Sie weder Kurznachrichten empfangen noch versenden.<\/p>\n<\/div>\n\n\n<div class=\"wp-block-image\">\n<figure class=\"alignright size-full is-resized\"><a href=\"https:\/\/cp-prod-wordpress.alfa.sx\/wp-content\/uploads\/2023\/10\/receive-msg-de.png\"><img loading=\"lazy\" decoding=\"async\" width=\"330\" height=\"164\" src=\"https:\/\/cp-prod-wordpress.alfa.sx\/wp-content\/uploads\/2023\/10\/receive-msg-de.png\" alt=\"Nachrichtenfenster mit empfangener Kurznachricht &quot;Hallo&quot;, Schaltfl\u00e4che zum Antworten darunter\" class=\"wp-image-967\" style=\"width:250px\" srcset=\"https:\/\/cp-prod-wordpress.alfa.sx\/wp-content\/uploads\/2023\/10\/receive-msg-de.png 330w, https:\/\/cp-prod-wordpress.alfa.sx\/wp-content\/uploads\/2023\/10\/receive-msg-de-300x149.png 300w\" sizes=\"auto, (max-width: 330px) 100vw, 330px\" \/><\/a><figcaption class=\"wp-element-caption\">Kurznachricht erhalten<\/figcaption><\/figure>\n<\/div>\n\n\n<h2 class=\"wp-block-heading\" class=\"wp-block-heading\" id=\"kurznachricht-erhalten\">Kurznachricht erhalten<a href=\"https:\/\/cp-prod-wordpress.alfa.sx\/de\/alfaview-app\/meeting-room\/chat-messages\/#kurznachricht-erhalten\"><\/a><a href=\"#kurznachricht-erhalten\" class=\"av-heading-anchor\"><i class=\"bi bi-link\"><\/i><\/a><\/h2>\n\n\n\n<p>Wenn Sie eine Kurznachricht erhalten, wird diese im unteren Bereich der <a href=\"https:\/\/cp-prod-wordpress.alfa.sx\/de\/alfaview-app\/alfaview-room\/participant-videos-and-presentation-area\/\">B\u00fchne<\/a> angezeigt. Sie k\u00f6nnen diese entweder schlie\u00dfen oder darauf antworten.<\/p>\n\n\n\n<h2 class=\"wp-block-heading\" class=\"wp-block-heading\" id=\"auf-kurznachricht-antworten\">Auf Kurznachricht antworten<a href=\"https:\/\/cp-prod-wordpress.alfa.sx\/de\/alfaview-app\/meeting-room\/chat-messages\/#auf-kurznachricht-antworten\"><\/a><a href=\"#auf-kurznachricht-antworten\" class=\"av-heading-anchor\"><i class=\"bi bi-link\"><\/i><\/a><\/h2>\n\n\n<div class=\"wp-block-image\">\n<figure class=\"alignright size-full is-resized\"><a href=\"https:\/\/cp-prod-wordpress.alfa.sx\/wp-content\/uploads\/2023\/10\/short-msg-reply-de.png\"><img loading=\"lazy\" decoding=\"async\" width=\"330\" height=\"227\" src=\"https:\/\/cp-prod-wordpress.alfa.sx\/wp-content\/uploads\/2023\/10\/short-msg-reply-de.png\" alt=\"Im Chatfeld zum Antworten der Kurznachricht ist die Nachricht &quot;Hallo!&quot; zu lesen, Schaltfl\u00e4che &quot;Antwort senden&quot; darunter\" class=\"wp-image-969\" style=\"width:250px\" srcset=\"https:\/\/cp-prod-wordpress.alfa.sx\/wp-content\/uploads\/2023\/10\/short-msg-reply-de.png 330w, https:\/\/cp-prod-wordpress.alfa.sx\/wp-content\/uploads\/2023\/10\/short-msg-reply-de-300x206.png 300w\" sizes=\"auto, (max-width: 330px) 100vw, 330px\" \/><\/a><figcaption class=\"wp-element-caption\">Kurznachricht beantworten<\/figcaption><\/figure>\n<\/div>\n\n\n<ul class=\"wp-block-list\">\n<li>Um auf die Nachricht zu antworten, klicken Sie auf diese. Es erscheint nun die Schaltfl\u00e4che <button class=\"av-button av-button--primary\">Antworten<\/button>.<\/li>\n\n\n\n<li>Durch Klicken auf die Schaltfl\u00e4che <button class=\"av-button av-button--primary\">Antworten<\/button> erscheint eine Textbox, in der Sie Ihre Nachricht eingeben k\u00f6nnen.<\/li>\n\n\n\n<li>Mit einem Klick auf die Schaltfl\u00e4che <button class=\"av-button av-button--primary\">Antwort senden<\/button> wird die Nachricht verschickt.<\/li>\n<\/ul>\n\n\n\n<div class=\"wp-block-alfaview-callout\">\n<p>Um auf Kurznachrichten antworten zu k\u00f6nnen, ben\u00f6tigen Sie die Berechtigung <em>Chat erlauben<\/em> da sonst die Schaltfl\u00e4che <button class=\"av-button av-button--primary\">Antworten<\/button> nicht angezeigt wird.<\/p>\n<\/div>\n\n\n<div class=\"wp-block-image\">\n<figure class=\"alignright size-full is-resized\"><a href=\"https:\/\/cp-prod-wordpress.alfa.sx\/wp-content\/uploads\/2024\/05\/short-group-msg-de.png\"><img loading=\"lazy\" decoding=\"async\" width=\"411\" height=\"203\" src=\"https:\/\/cp-prod-wordpress.alfa.sx\/wp-content\/uploads\/2024\/05\/short-group-msg-de.png\" alt=\"Im Reiter Teilnehmerliste ist das Kontextmen\u00fc einer Gruppe ge\u00f6ffnet. Die Funktionen &quot;Kurznachricht an diese Gruppe&quot; und &quot;Kurznachricht an alle Gruppen&quot; wird angezeigt. \" class=\"wp-image-3801\" style=\"width:250px\" srcset=\"https:\/\/cp-prod-wordpress.alfa.sx\/wp-content\/uploads\/2024\/05\/short-group-msg-de.png 411w, https:\/\/cp-prod-wordpress.alfa.sx\/wp-content\/uploads\/2024\/05\/short-group-msg-de-300x148.png 300w\" sizes=\"auto, (max-width: 411px) 100vw, 411px\" \/><\/a><figcaption class=\"wp-element-caption\">Kurznachricht an Gruppe<\/figcaption><\/figure>\n<\/div>\n\n\n<h2 class=\"wp-block-heading\" class=\"wp-block-heading\" id=\"kurznachricht-an-gruppe-schreiben\">Kurznachricht an Gruppe schreiben<a href=\"https:\/\/cp-prod-wordpress.alfa.sx\/de\/alfaview-app\/meeting-room\/chat-messages\/#kurznachricht-an-gruppe-schreiben\"><\/a><a href=\"#kurznachricht-an-gruppe-schreiben\" class=\"av-heading-anchor\"><i class=\"bi bi-link\"><\/i><\/a><\/h2>\n\n\n\n<ul class=\"wp-block-list\">\n<li>\u00d6ffnen Sie die Teilnehmerliste <img loading=\"lazy\" decoding=\"async\" width=\"20\" height=\"20\" class=\"wp-image-2100\" style=\"width: 20px;\" src=\"https:\/\/cp-prod-wordpress.alfa.sx\/wp-content\/uploads\/2023\/12\/icon-participants.png\" alt=\"\">.<\/li>\n\n\n\n<li>Klicken Sie auf das Kontextmen\u00fc <img loading=\"lazy\" decoding=\"async\" width=\"20\" height=\"20\" class=\"wp-image-2122\" style=\"width: 20px;\" src=\"https:\/\/cp-prod-wordpress.alfa.sx\/wp-content\/uploads\/2023\/12\/dots.png\" alt=\"\"> neben dem Gruppennamen oder klicken Sie mit der rechten Maustaste auf die Gruppe, an welche Sie die Nachricht verschicken m\u00f6chten.<\/li>\n\n\n\n<li>Anschlie\u00dfend w\u00e4hlen Sie <em>Kurznachricht an diese Gruppe<\/em>.<\/li>\n\n\n\n<li>Geben Sie in der neuen Textbox die gew\u00fcnschte Nachricht ein.<\/li>\n\n\n\n<li>Versenden Sie die Nachricht durch einen Klick auf die Schaltfl\u00e4che <button class=\"av-button av-button--primary\">Senden<\/button>.<\/li>\n<\/ul>\n\n\n\n<h2 class=\"wp-block-heading\" class=\"wp-block-heading\" id=\"kurznachricht-an-alle-gruppen-teilnehmer-schreiben\">Kurznachricht an alle Gruppen\/Teilnehmer schreiben<a href=\"https:\/\/cp-prod-wordpress.alfa.sx\/de\/alfaview-app\/meeting-room\/chat-messages\/#kurznachricht-an-alle-gruppenteilnehmer-schreiben\"><\/a><a href=\"#kurznachricht-an-alle-gruppen-teilnehmer-schreiben\" class=\"av-heading-anchor\"><i class=\"bi bi-link\"><\/i><\/a><\/h2>\n\n\n\n<ul class=\"wp-block-list\">\n<li>\u00d6ffnen Sie die Teilnehmerliste <img loading=\"lazy\" decoding=\"async\" width=\"20\" height=\"20\" class=\"wp-image-2100\" style=\"width: 20px;\" src=\"https:\/\/cp-prod-wordpress.alfa.sx\/wp-content\/uploads\/2023\/12\/icon-participants.png\" alt=\"\">.<\/li>\n\n\n\n<li>Klicken Sie auf das Kontextmen\u00fc <img loading=\"lazy\" decoding=\"async\" width=\"20\" height=\"20\" class=\"wp-image-2122\" style=\"width: 20px;\" src=\"https:\/\/cp-prod-wordpress.alfa.sx\/wp-content\/uploads\/2023\/12\/dots.png\" alt=\"\"> neben dem Raumnamen oder klicken Sie mit der rechten Maustaste auf den Raum. <\/li>\n\n\n\n<li>Anschlie\u00dfend w\u00e4hlen Sie <em>Kurznachricht an alle Gruppen<\/em>.<\/li>\n\n\n\n<li>Geben Sie in der neuen Textbox die gew\u00fcnschte Nachricht ein.<\/li>\n\n\n\n<li>Versenden Sie die Nachricht durch einen Klick auf die Schaltfl\u00e4che <button class=\"av-button av-button--primary\">Senden<\/button>.<\/li>\n<\/ul>\n\n\n\n<p><\/p>\n","protected":false},"excerpt":{"rendered":"<p>Kommunizieren Sie mit anderen Teilnehmenden im Chat oder \u00fcber private Nachrichten.<\/p>\n","protected":false},"author":2,"featured_media":0,"parent":715,"menu_order":10,"comment_status":"closed","ping_status":"closed","template":"","meta":{"footnotes":""},"class_list":["post-991","page","type-page","status-publish","hentry"],"_links":{"self":[{"href":"https:\/\/cp-prod-wordpress.alfa.sx\/de\/wp-json\/wp\/v2\/pages\/991","targetHints":{"allow":["GET"]}}],"collection":[{"href":"https:\/\/cp-prod-wordpress.alfa.sx\/de\/wp-json\/wp\/v2\/pages"}],"about":[{"href":"https:\/\/cp-prod-wordpress.alfa.sx\/de\/wp-json\/wp\/v2\/types\/page"}],"author":[{"embeddable":true,"href":"https:\/\/cp-prod-wordpress.alfa.sx\/de\/wp-json\/wp\/v2\/users\/2"}],"replies":[{"embeddable":true,"href":"https:\/\/cp-prod-wordpress.alfa.sx\/de\/wp-json\/wp\/v2\/comments?post=991"}],"version-history":[{"count":27,"href":"https:\/\/cp-prod-wordpress.alfa.sx\/de\/wp-json\/wp\/v2\/pages\/991\/revisions"}],"predecessor-version":[{"id":992,"href":"https:\/\/cp-prod-wordpress.alfa.sx\/de\/wp-json\/wp\/v2\/pages\/991\/revisions\/992"}],"up":[{"embeddable":true,"href":"https:\/\/cp-prod-wordpress.alfa.sx\/de\/wp-json\/wp\/v2\/pages\/715"}],"wp:attachment":[{"href":"https:\/\/cp-prod-wordpress.alfa.sx\/de\/wp-json\/wp\/v2\/media?parent=991"}],"curies":[{"name":"wp","href":"https:\/\/api.w.org\/{rel}","templated":true}]}}